{"id":1457,"date":"2026-01-25T16:34:01","date_gmt":"2026-01-25T16:34:01","guid":{"rendered":"https:\/\/maltespohr.de\/m\/?page_id=1457"},"modified":"2026-01-25T18:15:40","modified_gmt":"2026-01-25T18:15:40","slug":"serie-l","status":"publish","type":"page","link":"https:\/\/maltespohr.de\/m\/zeichnungen\/serie-l\/","title":{"rendered":"2023 Serie L"},"content":{"rendered":"<div class=\"wp-block-image\">\n<figure class=\"alignleft\"><a href=\"http:\/\/maltespohr.de\/m\/zeichnungen\/serie-s\/\"><img loading=\"lazy\" decoding=\"async\" width=\"22\" height=\"34\" src=\"http:\/\/maltespohr.de\/m\/wp-content\/uploads\/2018\/02\/links_0.png\" alt=\"back\" class=\"wp-image-801\"\/><\/a><\/figure>\n<\/div>\n\n<div class=\"wp-block-image\">\n<figure class=\"alignright\"><a href=\"https:\/\/maltespohr.de\/m\/zeichnungen\/2019-2020-serie-ws\/\"><img loading=\"lazy\" decoding=\"async\" width=\"22\" height=\"34\" src=\"http:\/\/maltespohr.de\/m\/wp-content\/uploads\/2018\/02\/right_0.png\" alt=\"weiter\" class=\"wp-image-804\"\/><\/a><\/figure>\n<\/div>\n\n<div id='gallery-1' class='gallery galleryid-1512 gallery-columns-1 gallery-size-medium_large'><figure class='gallery-item'>\n\t\t\t<div class='gallery-icon landscape'>\n\t\t\t\t<a href=\"https:\/\/maltespohr.de\/m\/wp-content\/uploads\/2026\/01\/L_9-Kopie-2.jpg\" title=\"L 9\" data-description=\"\"><img loading=\"lazy\" decoding=\"async\" width=\"768\" height=\"276\" src=\"https:\/\/maltespohr.de\/m\/wp-content\/uploads\/2026\/01\/L_9-Kopie-2-768x276.jpg\" class=\"attachment-medium_large size-medium_large\" alt=\"Serie L 9\" aria-describedby=\"gallery-1-1513\" srcset=\"https:\/\/maltespohr.de\/m\/wp-content\/uploads\/2026\/01\/L_9-Kopie-2-768x276.jpg 768w, https:\/\/maltespohr.de\/m\/wp-content\/uploads\/2026\/01\/L_9-Kopie-2-300x108.jpg 300w, https:\/\/maltespohr.de\/m\/wp-content\/uploads\/2026\/01\/L_9-Kopie-2-1024x368.jpg 1024w, https:\/\/maltespohr.de\/m\/wp-content\/uploads\/2026\/01\/L_9-Kopie-2-1536x551.jpg 1536w, https:\/\/maltespohr.de\/m\/wp-content\/uploads\/2026\/01\/L_9-Kopie-2.jpg 1649w\" sizes=\"auto, (max-width: 768px) 100vw, 768px\"><\/a>\n\t\t\t<\/div>\n\t\t\t\t<figcaption class='wp-caption-text gallery-caption' id='gallery-1-1513'>\n\t\t\t\tSerie L 9\n\t\t\t\t<\/figcaption><\/figure><figure class='gallery-item'>\n\t\t\t<div class='gallery-icon landscape'>\n\t\t\t\t<a href=\"https:\/\/maltespohr.de\/m\/wp-content\/uploads\/2026\/01\/L_2-Kopie-2.jpg\" title=\"L 2\" data-description=\"\"><img loading=\"lazy\" decoding=\"async\" width=\"768\" height=\"285\" src=\"https:\/\/maltespohr.de\/m\/wp-content\/uploads\/2026\/01\/L_2-Kopie-2-768x285.jpg\" class=\"attachment-medium_large size-medium_large\" alt=\"Serie L 2\" aria-describedby=\"gallery-1-1514\" srcset=\"https:\/\/maltespohr.de\/m\/wp-content\/uploads\/2026\/01\/L_2-Kopie-2-768x285.jpg 768w, https:\/\/maltespohr.de\/m\/wp-content\/uploads\/2026\/01\/L_2-Kopie-2-300x111.jpg 300w, https:\/\/maltespohr.de\/m\/wp-content\/uploads\/2026\/01\/L_2-Kopie-2-1024x380.jpg 1024w, https:\/\/maltespohr.de\/m\/wp-content\/uploads\/2026\/01\/L_2-Kopie-2-1536x570.jpg 1536w, https:\/\/maltespohr.de\/m\/wp-content\/uploads\/2026\/01\/L_2-Kopie-2.jpg 1647w\" sizes=\"auto, (max-width: 768px) 100vw, 768px\"><\/a>\n\t\t\t<\/div>\n\t\t\t\t<figcaption class='wp-caption-text gallery-caption' id='gallery-1-1514'>\n\t\t\t\tSerie L 2\n\t\t\t\t<\/figcaption><\/figure><figure class='gallery-item'>\n\t\t\t<div class='gallery-icon landscape'>\n\t\t\t\t<a href=\"https:\/\/maltespohr.de\/m\/wp-content\/uploads\/2026\/01\/L_1-Kopie-2.jpg\" title=\"L 1\" data-description=\"\"><img loading=\"lazy\" decoding=\"async\" width=\"768\" height=\"277\" src=\"https:\/\/maltespohr.de\/m\/wp-content\/uploads\/2026\/01\/L_1-Kopie-2-768x277.jpg\" class=\"attachment-medium_large size-medium_large\" alt=\"Serie L 1\" aria-describedby=\"gallery-1-1515\" srcset=\"https:\/\/maltespohr.de\/m\/wp-content\/uploads\/2026\/01\/L_1-Kopie-2-768x277.jpg 768w, https:\/\/maltespohr.de\/m\/wp-content\/uploads\/2026\/01\/L_1-Kopie-2-300x108.jpg 300w, https:\/\/maltespohr.de\/m\/wp-content\/uploads\/2026\/01\/L_1-Kopie-2-1024x369.jpg 1024w, https:\/\/maltespohr.de\/m\/wp-content\/uploads\/2026\/01\/L_1-Kopie-2-1536x553.jpg 1536w, https:\/\/maltespohr.de\/m\/wp-content\/uploads\/2026\/01\/L_1-Kopie-2.jpg 1660w\" sizes=\"auto, (max-width: 768px) 100vw, 768px\"><\/a>\n\t\t\t<\/div>\n\t\t\t\t<figcaption class='wp-caption-text gallery-caption' id='gallery-1-1515'>\n\t\t\t\tSerie L 1\n\t\t\t\t<\/figcaption><\/figure><figure class='gallery-item'>\n\t\t\t<div class='gallery-icon landscape'>\n\t\t\t\t<a href=\"https:\/\/maltespohr.de\/m\/wp-content\/uploads\/2026\/01\/L_3-Kopie-2.jpg\" title=\"L 3\" data-description=\"\"><img loading=\"lazy\" decoding=\"async\" width=\"768\" height=\"271\" src=\"https:\/\/maltespohr.de\/m\/wp-content\/uploads\/2026\/01\/L_3-Kopie-2-768x271.jpg\" class=\"attachment-medium_large size-medium_large\" alt=\"Serie L 3\" aria-describedby=\"gallery-1-1516\" srcset=\"https:\/\/maltespohr.de\/m\/wp-content\/uploads\/2026\/01\/L_3-Kopie-2-768x271.jpg 768w, https:\/\/maltespohr.de\/m\/wp-content\/uploads\/2026\/01\/L_3-Kopie-2-300x106.jpg 300w, https:\/\/maltespohr.de\/m\/wp-content\/uploads\/2026\/01\/L_3-Kopie-2-1024x361.jpg 1024w, https:\/\/maltespohr.de\/m\/wp-content\/uploads\/2026\/01\/L_3-Kopie-2-1536x542.jpg 1536w, https:\/\/maltespohr.de\/m\/wp-content\/uploads\/2026\/01\/L_3-Kopie-2.jpg 1639w\" sizes=\"auto, (max-width: 768px) 100vw, 768px\"><\/a>\n\t\t\t<\/div>\n\t\t\t\t<figcaption class='wp-caption-text gallery-caption' id='gallery-1-1516'>\n\t\t\t\tSerie L 3\n\t\t\t\t<\/figcaption><\/figure>\n\t\t<\/div>\n\n\n\n\n<p>Die unterschiedliche Strichintensit\u00e4t der mit dem Bleistift auf weichem B\u00fcttenpapier gezeichneten Bl\u00e4tter, lassen Formationen und Texturen erkennen. Man glaubt Landschaften, Wolkengebilde oder Figuren wahrzunehmen, die sich im n\u00e4chsten Blatt in Lichtspiegelungen aufl\u00f6sen, um sich im letzten Blatt wieder dramatisch zu verdichten.<\/p>\n\n\n\n<div><span class=\"klein\">Petra Roettig, Streifz\u00fcge in Futur II, <br>Katalog zur Ausstellung Munk&#038;Spohr,53,96737\u00b0 13,12343\u00b0 O, Animation und Zeichnung K\u00fcnstlergut Loitz, 2024<\/span><\/div>\n","protected":false},"excerpt":{"rendered":"<p>Die unterschiedliche Strichintensit\u00e4t der mit dem Bleistift auf weichem B\u00fcttenpapier gezeichneten Bl\u00e4tter, lassen Formationen und Texturen erkennen. Man glaubt Landschaften, Wolkengebilde oder Figuren wahrzunehmen, die sich im n\u00e4chsten Blatt in Lichtspiegelungen aufl\u00f6sen, um sich im letzten Blatt wieder dramatisch zu verdichten. Petra Roettig, Streifz\u00fcge in Futur II, Katalog zur Ausstellung Munk&#038;Spohr,53,96737\u00b0 13,12343\u00b0 O, Animation und [&hellip;]<\/p>\n","protected":false},"author":1,"featured_media":0,"parent":471,"menu_order":0,"comment_status":"closed","ping_status":"closed","template":"","meta":{"footnotes":""},"class_list":["post-1457","page","type-page","status-publish","hentry","gallery-content-unit"],"_links":{"self":[{"href":"https:\/\/maltespohr.de\/m\/wp-json\/wp\/v2\/pages\/1457","targetHints":{"allow":["GET"]}}],"collection":[{"href":"https:\/\/maltespohr.de\/m\/wp-json\/wp\/v2\/pages"}],"about":[{"href":"https:\/\/maltespohr.de\/m\/wp-json\/wp\/v2\/types\/page"}],"author":[{"embeddable":true,"href":"https:\/\/maltespohr.de\/m\/wp-json\/wp\/v2\/users\/1"}],"replies":[{"embeddable":true,"href":"https:\/\/maltespohr.de\/m\/wp-json\/wp\/v2\/comments?post=1457"}],"version-history":[{"count":8,"href":"https:\/\/maltespohr.de\/m\/wp-json\/wp\/v2\/pages\/1457\/revisions"}],"predecessor-version":[{"id":1525,"href":"https:\/\/maltespohr.de\/m\/wp-json\/wp\/v2\/pages\/1457\/revisions\/1525"}],"up":[{"embeddable":true,"href":"https:\/\/maltespohr.de\/m\/wp-json\/wp\/v2\/pages\/471"}],"wp:attachment":[{"href":"https:\/\/maltespohr.de\/m\/wp-json\/wp\/v2\/media?parent=1457"}],"curies":[{"name":"wp","href":"https:\/\/api.w.org\/{rel}","templated":true}]}}