{"id":607,"date":"2018-02-02T14:59:25","date_gmt":"2018-02-02T14:59:25","guid":{"rendered":"http:\/\/maltespohr.de\/m\/?page_id=607"},"modified":"2018-02-08T22:10:08","modified_gmt":"2018-02-08T22:10:08","slug":"photographie","status":"publish","type":"page","link":"https:\/\/maltespohr.de\/m\/photographie\/","title":{"rendered":"Photographie"},"content":{"rendered":"<p><a href=\"#gallery-778\"><img loading=\"lazy\" decoding=\"async\" src=\"http:\/\/maltespohr.de\/m\/wp-content\/uploads\/2018\/02\/IMG_1214_GG_2016.jpg\" alt=\"Wiese 2016\" width=\"1500\" height=\"1125\" class=\"alignnone size-full wp-image-780\" srcset=\"https:\/\/maltespohr.de\/m\/wp-content\/uploads\/2018\/02\/IMG_1214_GG_2016.jpg 1500w, https:\/\/maltespohr.de\/m\/wp-content\/uploads\/2018\/02\/IMG_1214_GG_2016-300x225.jpg 300w, https:\/\/maltespohr.de\/m\/wp-content\/uploads\/2018\/02\/IMG_1214_GG_2016-768x576.jpg 768w, https:\/\/maltespohr.de\/m\/wp-content\/uploads\/2018\/02\/IMG_1214_GG_2016-1024x768.jpg 1024w\" sizes=\"auto, (max-width: 1500px) 100vw, 1500px\" \/><\/a><\/p>\n<p>Nein, Malte Spohr ist nicht als Fotograf gel\u00e4ufig, man kennt ihn als ausgewiesenen, geradezu monogamen Zeichner. Seine Fotografien sind bis auf wenige publizierte Beispiele eine weithin unbekannte Werkgruppe des K\u00fcnstlers, der ihre Rezeption auch wenig forciert hat. Dabei entstanden im Zeitraum von knapp 30 Jahren weit \u00fcber 300 fotografische Arbeiten mit den Konstanten Realit\u00e4t, Augenh\u00f6he, Lakonie, Kleinbildkamera und ausschlie\u00dflichem Schwarz-wei\u00df.<br \/>\n<span class=\"klein\">Heinz H\u00f6fchen <em>Fotografie als Skizze<\/em> in: Aufzeichnungen 1994 &#8211; 2018 (Ausst.-Kat.) Museum Pfalzgalerie Kaiserslautern, 2018<\/span><\/p>\n","protected":false},"excerpt":{"rendered":"<p>Nein, Malte Spohr ist nicht als Fotograf gel\u00e4ufig, man kennt ihn als ausgewiesenen, geradezu monogamen Zeichner. Seine Fotografien sind bis auf wenige publizierte Beispiele eine weithin unbekannte Werkgruppe des K\u00fcnstlers, der ihre Rezeption auch wenig forciert hat. Dabei entstanden im Zeitraum von knapp 30 Jahren weit \u00fcber 300 fotografische Arbeiten mit den Konstanten Realit\u00e4t, Augenh\u00f6he, [&hellip;]<\/p>\n","protected":false},"author":1,"featured_media":0,"parent":0,"menu_order":0,"comment_status":"closed","ping_status":"closed","template":"","meta":{"footnotes":""},"class_list":["post-607","page","type-page","status-publish","hentry","gallery-content-unit"],"_links":{"self":[{"href":"https:\/\/maltespohr.de\/m\/wp-json\/wp\/v2\/pages\/607","targetHints":{"allow":["GET"]}}],"collection":[{"href":"https:\/\/maltespohr.de\/m\/wp-json\/wp\/v2\/pages"}],"about":[{"href":"https:\/\/maltespohr.de\/m\/wp-json\/wp\/v2\/types\/page"}],"author":[{"embeddable":true,"href":"https:\/\/maltespohr.de\/m\/wp-json\/wp\/v2\/users\/1"}],"replies":[{"embeddable":true,"href":"https:\/\/maltespohr.de\/m\/wp-json\/wp\/v2\/comments?post=607"}],"version-history":[{"count":4,"href":"https:\/\/maltespohr.de\/m\/wp-json\/wp\/v2\/pages\/607\/revisions"}],"predecessor-version":[{"id":1043,"href":"https:\/\/maltespohr.de\/m\/wp-json\/wp\/v2\/pages\/607\/revisions\/1043"}],"wp:attachment":[{"href":"https:\/\/maltespohr.de\/m\/wp-json\/wp\/v2\/media?parent=607"}],"curies":[{"name":"wp","href":"https:\/\/api.w.org\/{rel}","templated":true}]}}