{"id":609,"date":"2018-02-02T14:59:46","date_gmt":"2018-02-02T14:59:46","guid":{"rendered":"http:\/\/maltespohr.de\/m\/?page_id=609"},"modified":"2018-02-07T18:00:16","modified_gmt":"2018-02-07T18:00:16","slug":"skulptur","status":"publish","type":"page","link":"https:\/\/maltespohr.de\/m\/skulptur\/","title":{"rendered":"Skulptur"},"content":{"rendered":"<p><a href=\"#gallery-789\"><img loading=\"lazy\" decoding=\"async\" class=\"alignnone wp-image-787\" src=\"http:\/\/maltespohr.de\/m\/wp-content\/uploads\/2018\/02\/1996-o.T.-Dom_a2-199x300.jpg\" alt=\"Skulptur 1996\" width=\"400\" height=\"602\" srcset=\"https:\/\/maltespohr.de\/m\/wp-content\/uploads\/2018\/02\/1996-o.T.-Dom_a2-199x300.jpg 199w, https:\/\/maltespohr.de\/m\/wp-content\/uploads\/2018\/02\/1996-o.T.-Dom_a2-768x1155.jpg 768w, https:\/\/maltespohr.de\/m\/wp-content\/uploads\/2018\/02\/1996-o.T.-Dom_a2-681x1024.jpg 681w, https:\/\/maltespohr.de\/m\/wp-content\/uploads\/2018\/02\/1996-o.T.-Dom_a2.jpg 997w\" sizes=\"auto, (max-width: 400px) 100vw, 400px\" \/><\/a><br \/>\nMitte der 1990er Jahre r\u00fcckte die Idee des Sediments als sichtbare Ablagerung von Zeit in den Fokus der \u00dcberlegungen des K\u00fcnstlers. Spohr schichtete zun\u00e4chst auf einem Grundriss aufbauende, etwa einen Zentimeter starke Segmente mit einer komplizierten Binnenstruktur aus MDF \u00fcbereinander. Um den Eindruck von Ablagerungen zu verst\u00e4rke, verwendet er wenig sp\u00e4ter Graukartonplatten, die mit speziell in Auftrag gegebenen Werkzeugen in vom K\u00fcnstler festgelegten Formen gestanzt werden. \u00dcbereinander geschichtet ergeben die leicht variierenden Fl\u00e4chen kompakte architektonische Formen.[&#8230;] Licht und Schatten modellieren die Form dieser r\u00e4tselhaften Skulpturen, deren aus Schichten bestehende K\u00f6rper symbolhaft f\u00fcr unendlich sich fortsetzende Ablagerungen bestehen.<br \/>\n<span class=\"klein\">Carmela Thiele <em>Malte Spohr<\/em> in: KUENSTLER Kritisches Lexikon der Gegenwartskunst, Ausgabe 94, Heft 14, 2. Quartal 2011<\/span><\/p>\n","protected":false},"excerpt":{"rendered":"<p>Mitte der 1990er Jahre r\u00fcckte die Idee des Sediments als sichtbare Ablagerung von Zeit in den Fokus der \u00dcberlegungen des K\u00fcnstlers. Spohr schichtete zun\u00e4chst auf einem Grundriss aufbauende, etwa einen Zentimeter starke Segmente mit einer komplizierten Binnenstruktur aus MDF \u00fcbereinander. Um den Eindruck von Ablagerungen zu verst\u00e4rke, verwendet er wenig sp\u00e4ter Graukartonplatten, die mit speziell [&hellip;]<\/p>\n","protected":false},"author":1,"featured_media":0,"parent":0,"menu_order":0,"comment_status":"closed","ping_status":"closed","template":"","meta":{"footnotes":""},"class_list":["post-609","page","type-page","status-publish","hentry","gallery-content-unit"],"_links":{"self":[{"href":"https:\/\/maltespohr.de\/m\/wp-json\/wp\/v2\/pages\/609","targetHints":{"allow":["GET"]}}],"collection":[{"href":"https:\/\/maltespohr.de\/m\/wp-json\/wp\/v2\/pages"}],"about":[{"href":"https:\/\/maltespohr.de\/m\/wp-json\/wp\/v2\/types\/page"}],"author":[{"embeddable":true,"href":"https:\/\/maltespohr.de\/m\/wp-json\/wp\/v2\/users\/1"}],"replies":[{"embeddable":true,"href":"https:\/\/maltespohr.de\/m\/wp-json\/wp\/v2\/comments?post=609"}],"version-history":[{"count":11,"href":"https:\/\/maltespohr.de\/m\/wp-json\/wp\/v2\/pages\/609\/revisions"}],"predecessor-version":[{"id":918,"href":"https:\/\/maltespohr.de\/m\/wp-json\/wp\/v2\/pages\/609\/revisions\/918"}],"wp:attachment":[{"href":"https:\/\/maltespohr.de\/m\/wp-json\/wp\/v2\/media?parent=609"}],"curies":[{"name":"wp","href":"https:\/\/api.w.org\/{rel}","templated":true}]}}