{"id":623,"date":"2018-02-05T09:29:32","date_gmt":"2018-02-05T09:29:32","guid":{"rendered":"http:\/\/maltespohr.de\/m\/?page_id=623"},"modified":"2026-01-25T17:52:28","modified_gmt":"2026-01-25T17:52:28","slug":"2017-2018-serie-pw","status":"publish","type":"page","link":"https:\/\/maltespohr.de\/m\/zeichnungen\/2017-2018-serie-pw\/","title":{"rendered":"2016 \/ 2017 \/ 2018 Serie pw"},"content":{"rendered":"<div class=\"wp-block-image\">\n<figure class=\"alignleft\"><a href=\"https:\/\/maltespohr.de\/m\/2019-2020-serie-ws\/\"><img loading=\"lazy\" decoding=\"async\" width=\"22\" height=\"34\" src=\"http:\/\/maltespohr.de\/m\/wp-content\/uploads\/2018\/02\/links_0.png\" alt=\"back\" class=\"wp-image-801\"\/><\/a><\/figure>\n<\/div>\n\n<div class=\"wp-block-image\">\n<figure class=\"alignright\"><a href=\"http:\/\/maltespohr.de\/m\/zeichnungen\/serie-pw-2016-2017\/\"><img loading=\"lazy\" decoding=\"async\" width=\"22\" height=\"34\" src=\"http:\/\/maltespohr.de\/m\/wp-content\/uploads\/2018\/02\/right_0.png\" alt=\"weiter\" class=\"wp-image-804\"\/><\/a><\/figure>\n<\/div>\n\n\n<div style=\"height:30px\" aria-hidden=\"true\" class=\"wp-block-spacer\"><\/div>\n\n\n\n<p>Malte Spohrs Kunst ist eine Kunst des Experiments. Das experimentelle Labor ist durch eine mediale Transposition von der Fotografie zur Zeichnung, durch die Ger\u00e4tschaft von Lineal und Stift, durch die Materialit\u00e4t des Auftrags von Graphit, Kreide, Farbstift sowie durch die Oberfl\u00e4chenbeschaffenheit, die L\u00f6schkraft und die Alterungsgeschichte des Papiers bestimmt. In diesem weitgehend festgelegten Setting wird Arbeit f\u00fcr Arbeit untersucht, was passiert, wenn man die verschiedenen Elemente der Versuchsanordnung variiert.<\/p>\n\n\n<div class=\"wp-block-image\">\n<figure class=\"alignleft\"><a href=\"#gallery-627\"><img loading=\"lazy\" decoding=\"async\" width=\"1500\" height=\"1498\" src=\"http:\/\/maltespohr.de\/m\/wp-content\/uploads\/2018\/02\/2018_PW_III_L_18.jpg\" alt=\"\" class=\"wp-image-625\" srcset=\"https:\/\/maltespohr.de\/m\/wp-content\/uploads\/2018\/02\/2018_PW_III_L_18.jpg 1500w, https:\/\/maltespohr.de\/m\/wp-content\/uploads\/2018\/02\/2018_PW_III_L_18-150x150.jpg 150w, https:\/\/maltespohr.de\/m\/wp-content\/uploads\/2018\/02\/2018_PW_III_L_18-300x300.jpg 300w, https:\/\/maltespohr.de\/m\/wp-content\/uploads\/2018\/02\/2018_PW_III_L_18-768x767.jpg 768w, https:\/\/maltespohr.de\/m\/wp-content\/uploads\/2018\/02\/2018_PW_III_L_18-1024x1024.jpg 1024w, https:\/\/maltespohr.de\/m\/wp-content\/uploads\/2018\/02\/2018_PW_III_L_18-256x256.jpg 256w\" sizes=\"auto, (max-width: 1500px) 100vw, 1500px\" \/><\/a><\/figure>\n<\/div>\n\n<div class=\"wp-block-image\">\n<figure class=\"alignleft\"><a href=\"#gallery-1065\"><img loading=\"lazy\" decoding=\"async\" width=\"1500\" height=\"1500\" src=\"http:\/\/maltespohr.de\/m\/wp-content\/uploads\/2018\/02\/pw_2_2016.jpg\" alt=\"pw 2 - 2016\" class=\"wp-image-1027\" srcset=\"https:\/\/maltespohr.de\/m\/wp-content\/uploads\/2018\/02\/pw_2_2016.jpg 1500w, https:\/\/maltespohr.de\/m\/wp-content\/uploads\/2018\/02\/pw_2_2016-150x150.jpg 150w, https:\/\/maltespohr.de\/m\/wp-content\/uploads\/2018\/02\/pw_2_2016-300x300.jpg 300w, https:\/\/maltespohr.de\/m\/wp-content\/uploads\/2018\/02\/pw_2_2016-768x768.jpg 768w, https:\/\/maltespohr.de\/m\/wp-content\/uploads\/2018\/02\/pw_2_2016-1024x1024.jpg 1024w, https:\/\/maltespohr.de\/m\/wp-content\/uploads\/2018\/02\/pw_2_2016-256x256.jpg 256w\" sizes=\"auto, (max-width: 1500px) 100vw, 1500px\" \/><\/a><\/figure>\n<\/div>\n\n\n<div><\/div>\n\n\n\n<div class=\"frei\"><\/div>\n\n\n\n<div class=\"frei\">Da tritt aus der Dichte der Linienf\u00fchrung, aus der Figuration der Unterbrechungen, aus dem Nachleben des Papiers eine Landschaft hervor; dann wird man eines Systems von Eintr\u00e4gen ansichtig, die einen Prozess der allm\u00e4hlichen Verfertigung dokumentieren; oder es ergibt sich eine Textur, die eine Aussage zum Vorschein bringt; manchmal bewahrheitet sich die Unmissverst\u00e4ndlichkeit einer zeichnerischen Geste, die sich durch nichts aus der Ruhe bringen l\u00e4sst; schlie\u00dflich leuchtet die Farbe aus der Schattierung, als komme ein Licht von woanders her.<br>\n<span class=\"klein\">Heinz Bude <em>Zeichnung und Forschung<\/em> in: Aufzeichnung 1994 &#8211; 2018 (Ausst.-Kat.) Museum Pfalzgalerie Kaiserslautern, 2018<\/span><\/div>\n","protected":false},"excerpt":{"rendered":"<p>Malte Spohrs Kunst ist eine Kunst des Experiments. Das experimentelle Labor ist durch eine mediale Transposition von der Fotografie zur Zeichnung, durch die Ger\u00e4tschaft von Lineal und Stift, durch die Materialit\u00e4t des Auftrags von Graphit, Kreide, Farbstift sowie durch die Oberfl\u00e4chenbeschaffenheit, die L\u00f6schkraft und die Alterungsgeschichte des Papiers bestimmt. In diesem weitgehend festgelegten Setting wird [&hellip;]<\/p>\n","protected":false},"author":1,"featured_media":0,"parent":471,"menu_order":0,"comment_status":"closed","ping_status":"closed","template":"","meta":{"footnotes":""},"class_list":["post-623","page","type-page","status-publish","hentry","gallery-content-unit"],"_links":{"self":[{"href":"https:\/\/maltespohr.de\/m\/wp-json\/wp\/v2\/pages\/623","targetHints":{"allow":["GET"]}}],"collection":[{"href":"https:\/\/maltespohr.de\/m\/wp-json\/wp\/v2\/pages"}],"about":[{"href":"https:\/\/maltespohr.de\/m\/wp-json\/wp\/v2\/types\/page"}],"author":[{"embeddable":true,"href":"https:\/\/maltespohr.de\/m\/wp-json\/wp\/v2\/users\/1"}],"replies":[{"embeddable":true,"href":"https:\/\/maltespohr.de\/m\/wp-json\/wp\/v2\/comments?post=623"}],"version-history":[{"count":41,"href":"https:\/\/maltespohr.de\/m\/wp-json\/wp\/v2\/pages\/623\/revisions"}],"predecessor-version":[{"id":1499,"href":"https:\/\/maltespohr.de\/m\/wp-json\/wp\/v2\/pages\/623\/revisions\/1499"}],"up":[{"embeddable":true,"href":"https:\/\/maltespohr.de\/m\/wp-json\/wp\/v2\/pages\/471"}],"wp:attachment":[{"href":"https:\/\/maltespohr.de\/m\/wp-json\/wp\/v2\/media?parent=623"}],"curies":[{"name":"wp","href":"https:\/\/api.w.org\/{rel}","templated":true}]}}