{"id":70,"date":"2017-11-09T11:06:38","date_gmt":"2017-11-09T11:06:38","guid":{"rendered":"http:\/\/maltespohr.de\/m\/?page_id=70"},"modified":"2026-01-25T17:17:19","modified_gmt":"2026-01-25T17:17:19","slug":"serie-cps-2000-2001","status":"publish","type":"page","link":"https:\/\/maltespohr.de\/m\/zeichnungen\/serie-cps-2000-2001\/","title":{"rendered":"2000 \/ 2001 Serie CPS"},"content":{"rendered":"<div class=\"wp-block-image\">\n<figure class=\"alignleft\"><a href=\"http:\/\/maltespohr.de\/m\/zeichnungen\/serie-s-n-ea-2002\/\"><img loading=\"lazy\" decoding=\"async\" width=\"22\" height=\"34\" src=\"http:\/\/maltespohr.de\/m\/wp-content\/uploads\/2018\/02\/links_0.png\" alt=\"back\" class=\"wp-image-801\"\/><\/a><\/figure>\n<\/div>\n\n<div class=\"wp-block-image\">\n<figure class=\"alignright\"><a href=\"http:\/\/maltespohr.de\/m\/1996-1999\/\"><img loading=\"lazy\" decoding=\"async\" width=\"22\" height=\"34\" src=\"http:\/\/maltespohr.de\/m\/wp-content\/uploads\/2018\/02\/right_0.png\" alt=\"weiter\" class=\"wp-image-804\"\/><\/a><\/figure>\n<\/div>\n\n\n<div style=\"height:10px\" aria-hidden=\"true\" class=\"wp-block-spacer\"><\/div>\n\n\n<div id='gallery-1' class='gallery galleryid-765 gallery-columns-3 gallery-size-full'><figure class='gallery-item'>\n\t\t\t<div class='gallery-icon portrait'>\n\t\t\t\t<a href=\"https:\/\/maltespohr.de\/m\/wp-content\/uploads\/2018\/02\/2000-C.P.S.-6.jpg\" title=\"CPS 6 - 2000 - Bleistift und Farbstift auf B\u00fctten, 29,7 x 21\" data-description=\"\"><img loading=\"lazy\" decoding=\"async\" width=\"1079\" height=\"1500\" src=\"https:\/\/maltespohr.de\/m\/wp-content\/uploads\/2018\/02\/2000-C.P.S.-6.jpg\" class=\"attachment-full size-full\" alt=\"CPS 6 - 2000\" srcset=\"https:\/\/maltespohr.de\/m\/wp-content\/uploads\/2018\/02\/2000-C.P.S.-6.jpg 1079w, https:\/\/maltespohr.de\/m\/wp-content\/uploads\/2018\/02\/2000-C.P.S.-6-216x300.jpg 216w, https:\/\/maltespohr.de\/m\/wp-content\/uploads\/2018\/02\/2000-C.P.S.-6-768x1068.jpg 768w, https:\/\/maltespohr.de\/m\/wp-content\/uploads\/2018\/02\/2000-C.P.S.-6-737x1024.jpg 737w\" sizes=\"auto, (max-width: 1079px) 100vw, 1079px\"><\/a>\n\t\t\t<\/div><\/figure><figure class='gallery-item'>\n\t\t\t<div class='gallery-icon portrait'>\n\t\t\t\t<a href=\"https:\/\/maltespohr.de\/m\/wp-content\/uploads\/2018\/02\/2000-C.P.S.-7.jpg\" title=\"CPS 7 - 2000 - Bleistift und Farbstift auf B\u00fctten, 29,7 x 21\" data-description=\"\"><img loading=\"lazy\" decoding=\"async\" width=\"1067\" height=\"1500\" src=\"https:\/\/maltespohr.de\/m\/wp-content\/uploads\/2018\/02\/2000-C.P.S.-7.jpg\" class=\"attachment-full size-full\" alt=\"CPS 7 - 2000\" srcset=\"https:\/\/maltespohr.de\/m\/wp-content\/uploads\/2018\/02\/2000-C.P.S.-7.jpg 1067w, https:\/\/maltespohr.de\/m\/wp-content\/uploads\/2018\/02\/2000-C.P.S.-7-213x300.jpg 213w, https:\/\/maltespohr.de\/m\/wp-content\/uploads\/2018\/02\/2000-C.P.S.-7-768x1080.jpg 768w, https:\/\/maltespohr.de\/m\/wp-content\/uploads\/2018\/02\/2000-C.P.S.-7-728x1024.jpg 728w\" sizes=\"auto, (max-width: 1067px) 100vw, 1067px\"><\/a>\n\t\t\t<\/div><\/figure><figure class='gallery-item'>\n\t\t\t<div class='gallery-icon portrait'>\n\t\t\t\t<a href=\"https:\/\/maltespohr.de\/m\/wp-content\/uploads\/2018\/02\/2000_CPS_8.jpg\" title=\"CPS 8 - 2000 - Bleistift und Farbstift auf B\u00fctten, 29,7 x 21\" data-description=\"\"><img loading=\"lazy\" decoding=\"async\" width=\"1053\" height=\"1500\" src=\"https:\/\/maltespohr.de\/m\/wp-content\/uploads\/2018\/02\/2000_CPS_8.jpg\" class=\"attachment-full size-full\" alt=\"CPS 8 - 2000\" srcset=\"https:\/\/maltespohr.de\/m\/wp-content\/uploads\/2018\/02\/2000_CPS_8.jpg 1053w, https:\/\/maltespohr.de\/m\/wp-content\/uploads\/2018\/02\/2000_CPS_8-211x300.jpg 211w, https:\/\/maltespohr.de\/m\/wp-content\/uploads\/2018\/02\/2000_CPS_8-768x1094.jpg 768w, https:\/\/maltespohr.de\/m\/wp-content\/uploads\/2018\/02\/2000_CPS_8-719x1024.jpg 719w\" sizes=\"auto, (max-width: 1053px) 100vw, 1053px\"><\/a>\n\t\t\t<\/div><\/figure>\n\t\t<\/div>\n\n\n\n\n<p>Die Zeichnungsserie CPS geht auf das Schattenspiel unter B\u00e4umen zur\u00fcck, das durch die Bewegungen der Bl\u00e4tter und durch das wechselnde Licht auf den Boden projiziert wird. Im Central Park von New York hat Spohr die nur als Erscheinung existierenden amorphen und von starken Hell-Dunkel-Kontrasten bestimmten Formen in Fotografien eingefangen, ausgewertet und als Vorlage f\u00fcr seine Zeichnungen genommen. [&#8230;] Dem Betrachter er\u00f6ffnen die Zeichnungen einen Imaginationsraum, der virtuell viele M\u00f6glichkeiten beinhaltet.<br>\n<span class=\"klein\">Freya M\u00fclhaupt <em>Malte Spohr<\/em> in: Nach der Natur (Ausst.-Kat.) Zwischenspiel III, Berlinische Galerie, 2002<\/span><\/p>\n","protected":false},"excerpt":{"rendered":"<p>Die Zeichnungsserie CPS geht auf das Schattenspiel unter B\u00e4umen zur\u00fcck, das durch die Bewegungen der Bl\u00e4tter und durch das wechselnde Licht auf den Boden projiziert wird. Im Central Park von New York hat Spohr die nur als Erscheinung existierenden amorphen und von starken Hell-Dunkel-Kontrasten bestimmten Formen in Fotografien eingefangen, ausgewertet und als Vorlage f\u00fcr seine [&hellip;]<\/p>\n","protected":false},"author":1,"featured_media":0,"parent":471,"menu_order":0,"comment_status":"closed","ping_status":"closed","template":"","meta":{"footnotes":""},"class_list":["post-70","page","type-page","status-publish","hentry","gallery-content-unit"],"_links":{"self":[{"href":"https:\/\/maltespohr.de\/m\/wp-json\/wp\/v2\/pages\/70","targetHints":{"allow":["GET"]}}],"collection":[{"href":"https:\/\/maltespohr.de\/m\/wp-json\/wp\/v2\/pages"}],"about":[{"href":"https:\/\/maltespohr.de\/m\/wp-json\/wp\/v2\/types\/page"}],"author":[{"embeddable":true,"href":"https:\/\/maltespohr.de\/m\/wp-json\/wp\/v2\/users\/1"}],"replies":[{"embeddable":true,"href":"https:\/\/maltespohr.de\/m\/wp-json\/wp\/v2\/comments?post=70"}],"version-history":[{"count":16,"href":"https:\/\/maltespohr.de\/m\/wp-json\/wp\/v2\/pages\/70\/revisions"}],"predecessor-version":[{"id":1503,"href":"https:\/\/maltespohr.de\/m\/wp-json\/wp\/v2\/pages\/70\/revisions\/1503"}],"up":[{"embeddable":true,"href":"https:\/\/maltespohr.de\/m\/wp-json\/wp\/v2\/pages\/471"}],"wp:attachment":[{"href":"https:\/\/maltespohr.de\/m\/wp-json\/wp\/v2\/media?parent=70"}],"curies":[{"name":"wp","href":"https:\/\/api.w.org\/{rel}","templated":true}]}}