{"id":76,"date":"2017-11-09T11:13:17","date_gmt":"2017-11-09T11:13:17","guid":{"rendered":"http:\/\/maltespohr.de\/m\/?page_id=76"},"modified":"2026-01-25T17:09:44","modified_gmt":"2026-01-25T17:09:44","slug":"serie-g-l-2004-2005-2006","status":"publish","type":"page","link":"https:\/\/maltespohr.de\/m\/zeichnungen\/serie-g-l-2004-2005-2006\/","title":{"rendered":"2004 \/ 2005 \/ 2006 Serie g.L"},"content":{"rendered":"<div class=\"wp-block-image\">\n<figure class=\"alignleft\"><a href=\"http:\/\/maltespohr.de\/m\/zeichnungen\/dlhh-und-dlhd-2008\/\"><img loading=\"lazy\" decoding=\"async\" width=\"22\" height=\"34\" src=\"http:\/\/maltespohr.de\/m\/wp-content\/uploads\/2018\/02\/links_0.png\" alt=\"back\" class=\"wp-image-801\"\/><\/a><\/figure>\n<\/div>\n\n<div class=\"wp-block-image\">\n<figure class=\"alignright\"><a href=\"http:\/\/maltespohr.de\/m\/zeichnungen\/serie-s-n-ea-2002\/\"><img loading=\"lazy\" decoding=\"async\" width=\"22\" height=\"34\" src=\"http:\/\/maltespohr.de\/m\/wp-content\/uploads\/2018\/02\/right_0.png\" alt=\"weiter\" class=\"wp-image-804\"\/><\/a><\/figure>\n<\/div>\n\n\n<div style=\"height:30px\" aria-hidden=\"true\" class=\"wp-block-spacer\"><\/div>\n\n\n\n<p>Was einst Schritt f\u00fcr Schritt in der Welt war, wird Linie um Linie Bewegung und Verweilen auf dem Grunde des Blattes. Das Urspr\u00fcngliche, das einst Gesehene ist im Bild nicht mehr wahrnehmbar, das Erfahrene liegt weit zur\u00fcck, entzieht sich, wird zum malerischen Hauch der Vergangenheit. Nicht die Erinnerung an das Sichtbare treibt es voran, viel eher kommt es Tagebuchaufzeichnungen gleich, so als schriebe Spohr seine Gedanken nieder. Er l\u00e4sst das entstehende Bild vom Moment der eigenen Befindlichkeit abh\u00e4ngig werden, Dichte und Leere legen Zeugnis ab von dem einst Empfundenen, vor dem einst wahrgenommenen Abbild. \u201cDie Zeichnung w\u00e4chst in einem allm\u00e4hlichen Prozess, und in ihrer Dichte und Intensit\u00e4t wird die Zeit wie in den Jahresringen der B\u00e4ume sichtbar.\u201d(MS)<br>\n<span class=\"klein\">Ulrike Schick in: Malte Spohr, (Ausst.-Kat.) Studio A Museum gegenstandsfreier Kunst, 2005<\/span> <\/p>\n\n\n<div id='gallery-1' class='gallery galleryid-568 gallery-columns-6 gallery-size-thumbnail'><figure class='gallery-item'>\n\t\t\t<div class='gallery-icon landscape'>\n\t\t\t\t<a href=\"https:\/\/maltespohr.de\/m\/wp-content\/uploads\/2018\/02\/2004_gL_I.jpg\" title=\"g.l. I - 2004 - Farb \u2013 und Bleistift auf B\u00fctten,  42 x 42 cm\" data-description=\"\"><img loading=\"lazy\" decoding=\"async\" width=\"150\" height=\"150\" src=\"https:\/\/maltespohr.de\/m\/wp-content\/uploads\/2018\/02\/2004_gL_I-e1517838551266-150x150.jpg\" class=\"attachment-thumbnail size-thumbnail\" alt=\"g.l. I - 2004\"><\/a>\n\t\t\t<\/div><\/figure><figure class='gallery-item'>\n\t\t\t<div class='gallery-icon landscape'>\n\t\t\t\t<a href=\"https:\/\/maltespohr.de\/m\/wp-content\/uploads\/2018\/02\/2004_gL_III.jpg\" title=\"g.l. III - 2004 - Farb \u2013 und Bleistift auf B\u00fctten,  42 x 42 cm\" data-description=\"\"><img loading=\"lazy\" decoding=\"async\" width=\"150\" height=\"150\" src=\"https:\/\/maltespohr.de\/m\/wp-content\/uploads\/2018\/02\/2004_gL_III-e1517838648861-150x150.jpg\" class=\"attachment-thumbnail size-thumbnail\" alt=\"g.l. III - 2004\"><\/a>\n\t\t\t<\/div><\/figure><figure class='gallery-item'>\n\t\t\t<div class='gallery-icon landscape'>\n\t\t\t\t<a href=\"https:\/\/maltespohr.de\/m\/wp-content\/uploads\/2018\/02\/2004_gL_IV.jpg\" title=\"g.l. IV - 2004 - Farb \u2013 und Bleistift auf B\u00fctten,  42 x 42 cm\" data-description=\"\"><img loading=\"lazy\" decoding=\"async\" width=\"150\" height=\"150\" src=\"https:\/\/maltespohr.de\/m\/wp-content\/uploads\/2018\/02\/2004_gL_IV-e1517838710356-150x150.jpg\" class=\"attachment-thumbnail size-thumbnail\" alt=\"g.l. IV - 2004\"><\/a>\n\t\t\t<\/div><\/figure><figure class='gallery-item'>\n\t\t\t<div class='gallery-icon landscape'>\n\t\t\t\t<a href=\"https:\/\/maltespohr.de\/m\/wp-content\/uploads\/2018\/02\/2004_gL_V.jpg\" title=\"g.l. V - 2004 - Farb \u2013 und Bleistift auf B\u00fctten,  42 x 42 cm\" data-description=\"\"><img loading=\"lazy\" decoding=\"async\" width=\"150\" height=\"150\" src=\"https:\/\/maltespohr.de\/m\/wp-content\/uploads\/2018\/02\/2004_gL_V-e1517838808852-150x150.jpg\" class=\"attachment-thumbnail size-thumbnail\" alt=\"g.l. V - 2004\"><\/a>\n\t\t\t<\/div><\/figure><figure class='gallery-item'>\n\t\t\t<div class='gallery-icon landscape'>\n\t\t\t\t<a href=\"https:\/\/maltespohr.de\/m\/wp-content\/uploads\/2018\/02\/2004_gL_VI-e1517838871704.jpg\" title=\"g.l. VI - 2004 - Farb \u2013 und Bleistift auf B\u00fctten,  42 x 42 cm\" data-description=\"\"><img loading=\"lazy\" decoding=\"async\" width=\"150\" height=\"150\" src=\"https:\/\/maltespohr.de\/m\/wp-content\/uploads\/2018\/02\/2004_gL_VI-e1517838871704-150x150.jpg\" class=\"attachment-thumbnail size-thumbnail\" alt=\"g.l. VI - 2004\" srcset=\"https:\/\/maltespohr.de\/m\/wp-content\/uploads\/2018\/02\/2004_gL_VI-e1517838871704-150x150.jpg 150w, https:\/\/maltespohr.de\/m\/wp-content\/uploads\/2018\/02\/2004_gL_VI-e1517838871704-300x300.jpg 300w, https:\/\/maltespohr.de\/m\/wp-content\/uploads\/2018\/02\/2004_gL_VI-e1517838871704-768x768.jpg 768w, https:\/\/maltespohr.de\/m\/wp-content\/uploads\/2018\/02\/2004_gL_VI-e1517838871704-1024x1024.jpg 1024w, https:\/\/maltespohr.de\/m\/wp-content\/uploads\/2018\/02\/2004_gL_VI-e1517838871704-256x256.jpg 256w, https:\/\/maltespohr.de\/m\/wp-content\/uploads\/2018\/02\/2004_gL_VI-e1517838871704.jpg 1459w\" sizes=\"auto, (max-width: 150px) 100vw, 150px\"><\/a>\n\t\t\t<\/div><\/figure><figure class='gallery-item'>\n\t\t\t<div class='gallery-icon landscape'>\n\t\t\t\t<a href=\"https:\/\/maltespohr.de\/m\/wp-content\/uploads\/2018\/02\/2005_gL_VII.jpg\" title=\"g.l. VII - 2005 - Farb \u2013 und Bleistift auf B\u00fctten,  42 x 42 cm\" data-description=\"\"><img loading=\"lazy\" decoding=\"async\" width=\"150\" height=\"150\" src=\"https:\/\/maltespohr.de\/m\/wp-content\/uploads\/2018\/02\/2005_gL_VII-150x150.jpg\" class=\"attachment-thumbnail size-thumbnail\" alt=\"g.l. VII - 2005\" srcset=\"https:\/\/maltespohr.de\/m\/wp-content\/uploads\/2018\/02\/2005_gL_VII-150x150.jpg 150w, https:\/\/maltespohr.de\/m\/wp-content\/uploads\/2018\/02\/2005_gL_VII-300x298.jpg 300w, https:\/\/maltespohr.de\/m\/wp-content\/uploads\/2018\/02\/2005_gL_VII-768x763.jpg 768w, https:\/\/maltespohr.de\/m\/wp-content\/uploads\/2018\/02\/2005_gL_VII-1024x1018.jpg 1024w, https:\/\/maltespohr.de\/m\/wp-content\/uploads\/2018\/02\/2005_gL_VII-256x256.jpg 256w, https:\/\/maltespohr.de\/m\/wp-content\/uploads\/2018\/02\/2005_gL_VII.jpg 1500w\" sizes=\"auto, (max-width: 150px) 100vw, 150px\"><\/a>\n\t\t\t<\/div><\/figure><figure class='gallery-item'>\n\t\t\t<div class='gallery-icon portrait'>\n\t\t\t\t<a href=\"https:\/\/maltespohr.de\/m\/wp-content\/uploads\/2018\/02\/2005_gL_VIII.jpg\" title=\"g.l. VIII - 2005 - Farb \u2013 und Bleistift auf B\u00fctten,  42 x 42 cm\" data-description=\"\"><img loading=\"lazy\" decoding=\"async\" width=\"150\" height=\"150\" src=\"https:\/\/maltespohr.de\/m\/wp-content\/uploads\/2018\/02\/2005_gL_VIII-e1517839144935-150x150.jpg\" class=\"attachment-thumbnail size-thumbnail\" alt=\"g.l. VIII - 2005\"><\/a>\n\t\t\t<\/div><\/figure><figure class='gallery-item'>\n\t\t\t<div class='gallery-icon landscape'>\n\t\t\t\t<a href=\"https:\/\/maltespohr.de\/m\/wp-content\/uploads\/2018\/02\/2005_gL_IX.jpg\" title=\"g.l. IX - 2005 - Farb \u2013 und Bleistift auf B\u00fctten,  42 x 42 cm\" data-description=\"\"><img loading=\"lazy\" decoding=\"async\" width=\"150\" height=\"150\" src=\"https:\/\/maltespohr.de\/m\/wp-content\/uploads\/2018\/02\/2005_gL_IX-e1517839199840-150x150.jpg\" class=\"attachment-thumbnail size-thumbnail\" alt=\"g.l. IX - 2005\"><\/a>\n\t\t\t<\/div><\/figure><figure class='gallery-item'>\n\t\t\t<div class='gallery-icon portrait'>\n\t\t\t\t<a href=\"https:\/\/maltespohr.de\/m\/wp-content\/uploads\/2018\/02\/2005_gL_X.jpg\" title=\"g.l. X - 2005 - Farb \u2013 und Bleistift auf B\u00fctten,  42 x 42 cm\" data-description=\"\"><img loading=\"lazy\" decoding=\"async\" width=\"150\" height=\"150\" src=\"https:\/\/maltespohr.de\/m\/wp-content\/uploads\/2018\/02\/2005_gL_X-e1517839252641-150x150.jpg\" class=\"attachment-thumbnail size-thumbnail\" alt=\"g.l. X - 2005\"><\/a>\n\t\t\t<\/div><\/figure><figure class='gallery-item'>\n\t\t\t<div class='gallery-icon landscape'>\n\t\t\t\t<a href=\"https:\/\/maltespohr.de\/m\/wp-content\/uploads\/2018\/02\/2005_gL_XI.jpg\" title=\"g.l. XI - 2005 - Farb \u2013 und Bleistift auf B\u00fctten,  42 x 42 cm\" data-description=\"\"><img loading=\"lazy\" decoding=\"async\" width=\"150\" height=\"150\" src=\"https:\/\/maltespohr.de\/m\/wp-content\/uploads\/2018\/02\/2005_gL_XI-e1517839387693-150x150.jpg\" class=\"attachment-thumbnail size-thumbnail\" alt=\"g.l. XI - 2005\"><\/a>\n\t\t\t<\/div><\/figure><figure class='gallery-item'>\n\t\t\t<div class='gallery-icon landscape'>\n\t\t\t\t<a href=\"https:\/\/maltespohr.de\/m\/wp-content\/uploads\/2018\/02\/2005_gL_XII.jpg\" title=\"g.l. XII - 2005 - Farb \u2013 und Bleistift auf B\u00fctten,  42 x 42 cm\" data-description=\"\"><img loading=\"lazy\" decoding=\"async\" width=\"150\" height=\"150\" src=\"https:\/\/maltespohr.de\/m\/wp-content\/uploads\/2018\/02\/2005_gL_XII-e1517839454513-150x150.jpg\" class=\"attachment-thumbnail size-thumbnail\" alt=\"g.l. XII - 2005\"><\/a>\n\t\t\t<\/div><\/figure><figure class='gallery-item'>\n\t\t\t<div class='gallery-icon landscape'>\n\t\t\t\t<a href=\"https:\/\/maltespohr.de\/m\/wp-content\/uploads\/2018\/02\/2006_gL_XIII.jpg\" title=\"g.l. XIII - 2005 - Farb \u2013 und Bleistift auf B\u00fctten,  42 x 42 cm\" data-description=\"\"><img loading=\"lazy\" decoding=\"async\" width=\"150\" height=\"150\" src=\"https:\/\/maltespohr.de\/m\/wp-content\/uploads\/2018\/02\/2006_gL_XIII-e1517839500337-150x150.jpg\" class=\"attachment-thumbnail size-thumbnail\" alt=\"g.l. XIII - 2005\"><\/a>\n\t\t\t<\/div><\/figure><figure class='gallery-item'>\n\t\t\t<div class='gallery-icon landscape'>\n\t\t\t\t<a href=\"https:\/\/maltespohr.de\/m\/wp-content\/uploads\/2018\/02\/2006_gL_XIV.jpg\" title=\"g.l. XIV - 2006 - Farb \u2013 und Bleistift auf B\u00fctten,  42 x 42 cm\" data-description=\"\"><img loading=\"lazy\" decoding=\"async\" width=\"150\" height=\"150\" src=\"https:\/\/maltespohr.de\/m\/wp-content\/uploads\/2018\/02\/2006_gL_XIV-e1517839553666-150x150.jpg\" class=\"attachment-thumbnail size-thumbnail\" alt=\"g.l. XIV - 2006\"><\/a>\n\t\t\t<\/div><\/figure><figure class='gallery-item'>\n\t\t\t<div class='gallery-icon landscape'>\n\t\t\t\t<a href=\"https:\/\/maltespohr.de\/m\/wp-content\/uploads\/2018\/02\/2006_gL_XV.jpg\" title=\"g.l. XV - 2006 - Farb \u2013 und Bleistift auf B\u00fctten,  42 x 42 cm\" data-description=\"\"><img loading=\"lazy\" decoding=\"async\" width=\"150\" height=\"150\" src=\"https:\/\/maltespohr.de\/m\/wp-content\/uploads\/2018\/02\/2006_gL_XV-e1517839609311-150x150.jpg\" class=\"attachment-thumbnail size-thumbnail\" alt=\"g.l. XV - 2006\"><\/a>\n\t\t\t<\/div><\/figure><figure class='gallery-item'>\n\t\t\t<div class='gallery-icon portrait'>\n\t\t\t\t<a href=\"https:\/\/maltespohr.de\/m\/wp-content\/uploads\/2018\/02\/2006_gL_XVI.jpg\" title=\"g.l. XVI - 2006 - Farb \u2013 und Bleistift auf B\u00fctten,  42 x 42 cm\" data-description=\"\"><img loading=\"lazy\" decoding=\"async\" width=\"150\" height=\"150\" src=\"https:\/\/maltespohr.de\/m\/wp-content\/uploads\/2018\/02\/2006_gL_XVI-e1517839656355-150x150.jpg\" class=\"attachment-thumbnail size-thumbnail\" alt=\"g.l. XVI - 2006\"><\/a>\n\t\t\t<\/div><\/figure><figure class='gallery-item'>\n\t\t\t<div class='gallery-icon landscape'>\n\t\t\t\t<a href=\"https:\/\/maltespohr.de\/m\/wp-content\/uploads\/2018\/02\/2006_gL_XVII.jpg\" title=\"g.l. XVII - 2006 - Farb \u2013 und Bleistift auf B\u00fctten,  42 x 42 cm\" data-description=\"\"><img loading=\"lazy\" decoding=\"async\" width=\"150\" height=\"150\" src=\"https:\/\/maltespohr.de\/m\/wp-content\/uploads\/2018\/02\/2006_gL_XVII-e1517839959190-150x150.jpg\" class=\"attachment-thumbnail size-thumbnail\" alt=\"g.l. XVII - 2006\"><\/a>\n\t\t\t<\/div><\/figure><figure class='gallery-item'>\n\t\t\t<div class='gallery-icon landscape'>\n\t\t\t\t<a href=\"https:\/\/maltespohr.de\/m\/wp-content\/uploads\/2018\/02\/2006_gL_XVIII.jpg\" title=\"g.l. XVIII - 2006 - Farb \u2013 und Bleistift auf B\u00fctten,  42 x 42 cm\" data-description=\"\"><img loading=\"lazy\" decoding=\"async\" width=\"150\" height=\"150\" src=\"https:\/\/maltespohr.de\/m\/wp-content\/uploads\/2018\/02\/2006_gL_XVIII-e1517840022362-150x150.jpg\" class=\"attachment-thumbnail size-thumbnail\" alt=\"g.l. XVIII - 2006\"><\/a>\n\t\t\t<\/div><\/figure><figure class='gallery-item'>\n\t\t\t<div class='gallery-icon portrait'>\n\t\t\t\t<a href=\"https:\/\/maltespohr.de\/m\/wp-content\/uploads\/2018\/02\/2007_gL_XIX.jpg\" title=\"g.l. XIX - 2007 - Farb \u2013 und Bleistift auf B\u00fctten,  42 x 42 cm\" data-description=\"\"><img loading=\"lazy\" decoding=\"async\" width=\"150\" height=\"150\" src=\"https:\/\/maltespohr.de\/m\/wp-content\/uploads\/2018\/02\/2007_gL_XIX-e1517840082376-150x150.jpg\" class=\"attachment-thumbnail size-thumbnail\" alt=\"g.l. XIX - 2007\"><\/a>\n\t\t\t<\/div><\/figure>\n\t\t<\/div>\n\n\n\n\n<p>In seinen Arbeiten sucht Spohr das ambivalente Gef\u00fchl von Erkennen und Nichtverstehen zu \u00fcbersetzen, das die Betrachtung der Natur in ihm ausl\u00f6st. Dabei gilt sein eigentliches Interesse dem Wirken hinter dem f\u00fcr unsere Augen Sichtbaren, dem Geheimnis unserer Existenz, das wir nur teilweise beschreiben k\u00f6nnen, wird doch unser klassisches physikalisches Weltbild immer wieder in Frage gestellt. [&#8230;] In dem Bewusstsein, immer nur einen Schein von Realit\u00e4t wiedergeben zu k\u00f6nnen, stellt er mit seinen Zeichnungen parallel zur Natur eine Wirklichkeit nach den Gesetzen der Kunst her und bringt sie in eine bestimmte Ordnung.<br>\n<span class=\"klein\">Anne Buschhoff <em>Das Geheimnis entsteht Linie f\u00fcr Linie.<\/em> in: Malte Spohr &#8211; Am Horizont. Zeichnungen und Fotografien,<br>\n(Ausst.-Kat.) Kunsthalle Bremen, 2007 \/ Stattliche Kunsthalle Karlsruhe, 2008<\/span><\/p>\n","protected":false},"excerpt":{"rendered":"<p>Was einst Schritt f\u00fcr Schritt in der Welt war, wird Linie um Linie Bewegung und Verweilen auf dem Grunde des Blattes. Das Urspr\u00fcngliche, das einst Gesehene ist im Bild nicht mehr wahrnehmbar, das Erfahrene liegt weit zur\u00fcck, entzieht sich, wird zum malerischen Hauch der Vergangenheit. Nicht die Erinnerung an das Sichtbare treibt es voran, viel [&hellip;]<\/p>\n","protected":false},"author":1,"featured_media":0,"parent":471,"menu_order":0,"comment_status":"closed","ping_status":"closed","template":"","meta":{"footnotes":""},"class_list":["post-76","page","type-page","status-publish","hentry","gallery-content-unit"],"_links":{"self":[{"href":"https:\/\/maltespohr.de\/m\/wp-json\/wp\/v2\/pages\/76","targetHints":{"allow":["GET"]}}],"collection":[{"href":"https:\/\/maltespohr.de\/m\/wp-json\/wp\/v2\/pages"}],"about":[{"href":"https:\/\/maltespohr.de\/m\/wp-json\/wp\/v2\/types\/page"}],"author":[{"embeddable":true,"href":"https:\/\/maltespohr.de\/m\/wp-json\/wp\/v2\/users\/1"}],"replies":[{"embeddable":true,"href":"https:\/\/maltespohr.de\/m\/wp-json\/wp\/v2\/comments?post=76"}],"version-history":[{"count":22,"href":"https:\/\/maltespohr.de\/m\/wp-json\/wp\/v2\/pages\/76\/revisions"}],"predecessor-version":[{"id":1495,"href":"https:\/\/maltespohr.de\/m\/wp-json\/wp\/v2\/pages\/76\/revisions\/1495"}],"up":[{"embeddable":true,"href":"https:\/\/maltespohr.de\/m\/wp-json\/wp\/v2\/pages\/471"}],"wp:attachment":[{"href":"https:\/\/maltespohr.de\/m\/wp-json\/wp\/v2\/media?parent=76"}],"curies":[{"name":"wp","href":"https:\/\/api.w.org\/{rel}","templated":true}]}}