{"id":78,"date":"2017-11-09T11:13:55","date_gmt":"2017-11-09T11:13:55","guid":{"rendered":"http:\/\/maltespohr.de\/m\/?page_id=78"},"modified":"2026-01-25T17:16:31","modified_gmt":"2026-01-25T17:16:31","slug":"serie-mkl-2007-2008","status":"publish","type":"page","link":"https:\/\/maltespohr.de\/m\/zeichnungen\/serie-mkl-2007-2008\/","title":{"rendered":"2008 \/ 2009 Serie mkl"},"content":{"rendered":"<div class=\"wp-block-image\">\n<figure class=\"alignleft\"><a href=\"http:\/\/maltespohr.de\/m\/zeichnungen\/ggs-2009-2010\/\"><img loading=\"lazy\" decoding=\"async\" width=\"22\" height=\"34\" src=\"http:\/\/maltespohr.de\/m\/wp-content\/uploads\/2018\/02\/links_0.png\" alt=\"back\" class=\"wp-image-801\"\/><\/a><\/figure>\n<\/div>\n\n<div class=\"wp-block-image\">\n<figure class=\"alignright\"><a href=\"http:\/\/maltespohr.de\/m\/zeichnungen\/dlhh-und-dlhd-2008\/\"><img loading=\"lazy\" decoding=\"async\" width=\"22\" height=\"34\" src=\"http:\/\/maltespohr.de\/m\/wp-content\/uploads\/2018\/02\/right_0.png\" alt=\"weiter\" class=\"wp-image-804\"\/><\/a><\/figure>\n<\/div>\n\n\n<div style=\"height:10px\" aria-hidden=\"true\" class=\"wp-block-spacer\"><\/div>\n\n\n\n<p class=\"has-text-align-left\">Die Bl\u00e4tter wirken auf den ersten Blick gar nicht wie Zeichnungen. Die verschattete, chromatisch gebettete Textur mit ihren weichen \u00dcberg\u00e4ngen, verweigert sich zuerst dieser Klassifizierung. <br>Beim genauen Hinsehen kl\u00e4rt sich das freilich \u00fcber die Technik, das n\u00e4mlich diese weiche geschlossene Spannung das Ergebnis dicht aneinander gesetzter Linien ist: Exakt, mit dem Lineal gezogen, stets horizontal! Die Arbeit des Zeichnens liegt offen zutage.<br> <span class=\"klein\">Reinhard Ermen <em>Malte Spohr<\/em> in: Zeichnen zur Zeit, Teil I, Kunstforum Bd. 196, April &#8211; Mai 2009<\/span><\/p>\n\n\n\n<figure class=\"wp-block-image\"><a href=\"#gallery-558\"><img loading=\"lazy\" decoding=\"async\" width=\"1500\" height=\"1500\" src=\"http:\/\/maltespohr.de\/m\/wp-content\/uploads\/2018\/02\/2009-M.K.L.-III.jpg\" alt=\"mkl III - 2009\" class=\"wp-image-650\" srcset=\"https:\/\/maltespohr.de\/m\/wp-content\/uploads\/2018\/02\/2009-M.K.L.-III.jpg 1500w, https:\/\/maltespohr.de\/m\/wp-content\/uploads\/2018\/02\/2009-M.K.L.-III-150x150.jpg 150w, https:\/\/maltespohr.de\/m\/wp-content\/uploads\/2018\/02\/2009-M.K.L.-III-300x300.jpg 300w, https:\/\/maltespohr.de\/m\/wp-content\/uploads\/2018\/02\/2009-M.K.L.-III-768x768.jpg 768w, https:\/\/maltespohr.de\/m\/wp-content\/uploads\/2018\/02\/2009-M.K.L.-III-1024x1024.jpg 1024w, https:\/\/maltespohr.de\/m\/wp-content\/uploads\/2018\/02\/2009-M.K.L.-III-256x256.jpg 256w\" sizes=\"auto, (max-width: 1500px) 100vw, 1500px\" \/><\/a><\/figure>\n\n\n\n<p><\/p>\n","protected":false},"excerpt":{"rendered":"<p>Die Bl\u00e4tter wirken auf den ersten Blick gar nicht wie Zeichnungen. Die verschattete, chromatisch gebettete Textur mit ihren weichen \u00dcberg\u00e4ngen, verweigert sich zuerst dieser Klassifizierung. Beim genauen Hinsehen kl\u00e4rt sich das freilich \u00fcber die Technik, das n\u00e4mlich diese weiche geschlossene Spannung das Ergebnis dicht aneinander gesetzter Linien ist: Exakt, mit dem Lineal gezogen, stets horizontal! [&hellip;]<\/p>\n","protected":false},"author":1,"featured_media":0,"parent":471,"menu_order":0,"comment_status":"closed","ping_status":"closed","template":"","meta":{"footnotes":""},"class_list":["post-78","page","type-page","status-publish","hentry","gallery-content-unit"],"_links":{"self":[{"href":"https:\/\/maltespohr.de\/m\/wp-json\/wp\/v2\/pages\/78","targetHints":{"allow":["GET"]}}],"collection":[{"href":"https:\/\/maltespohr.de\/m\/wp-json\/wp\/v2\/pages"}],"about":[{"href":"https:\/\/maltespohr.de\/m\/wp-json\/wp\/v2\/types\/page"}],"author":[{"embeddable":true,"href":"https:\/\/maltespohr.de\/m\/wp-json\/wp\/v2\/users\/1"}],"replies":[{"embeddable":true,"href":"https:\/\/maltespohr.de\/m\/wp-json\/wp\/v2\/comments?post=78"}],"version-history":[{"count":16,"href":"https:\/\/maltespohr.de\/m\/wp-json\/wp\/v2\/pages\/78\/revisions"}],"predecessor-version":[{"id":1502,"href":"https:\/\/maltespohr.de\/m\/wp-json\/wp\/v2\/pages\/78\/revisions\/1502"}],"up":[{"embeddable":true,"href":"https:\/\/maltespohr.de\/m\/wp-json\/wp\/v2\/pages\/471"}],"wp:attachment":[{"href":"https:\/\/maltespohr.de\/m\/wp-json\/wp\/v2\/media?parent=78"}],"curies":[{"name":"wp","href":"https:\/\/api.w.org\/{rel}","templated":true}]}}