{"id":80,"date":"2017-11-09T11:14:43","date_gmt":"2017-11-09T11:14:43","guid":{"rendered":"http:\/\/maltespohr.de\/m\/?page_id=80"},"modified":"2026-01-25T17:10:02","modified_gmt":"2026-01-25T17:10:02","slug":"dlhh-und-dlhd-2008","status":"publish","type":"page","link":"https:\/\/maltespohr.de\/m\/zeichnungen\/dlhh-und-dlhd-2008\/","title":{"rendered":"2007 \/ 2008 DLHD und DLHH"},"content":{"rendered":"<div class=\"wp-block-image\">\n<figure class=\"alignleft\"><a href=\"http:\/\/maltespohr.de\/m\/zeichnungen\/serie-mkl-2007-2008\/\"><img loading=\"lazy\" decoding=\"async\" width=\"22\" height=\"34\" src=\"http:\/\/maltespohr.de\/m\/wp-content\/uploads\/2018\/02\/links_0.png\" alt=\"back\" class=\"wp-image-801\"\/><\/a><\/figure>\n<\/div>\n\n<div class=\"wp-block-image\">\n<figure class=\"alignright\"><a href=\"http:\/\/maltespohr.de\/m\/zeichnungen\/serie-g-l-2004-2005-2006\/\"><img loading=\"lazy\" decoding=\"async\" width=\"22\" height=\"34\" src=\"http:\/\/maltespohr.de\/m\/wp-content\/uploads\/2018\/02\/right_0.png\" alt=\"weiter\" class=\"wp-image-804\"\/><\/a><\/figure>\n<\/div>\n\n\n<p><\/p>\n\n\n\n<div style=\"height:30px\" aria-hidden=\"true\" class=\"wp-block-spacer\"><\/div>\n\n\n<div id='gallery-1' class='gallery galleryid-541 gallery-columns-5 gallery-size-thumbnail'><figure class='gallery-item'>\n\t\t\t<div class='gallery-icon landscape'>\n\t\t\t\t<a href=\"https:\/\/maltespohr.de\/m\/wp-content\/uploads\/2018\/02\/2007-D.L.H.D.-I-SchaeferHeidelberg.jpg\" title=\"DLHD I - 2007 - Bleistift und Farbstift auf B\u00fctten, 21 x 21\" data-description=\"\"><img loading=\"lazy\" decoding=\"async\" width=\"150\" height=\"150\" src=\"https:\/\/maltespohr.de\/m\/wp-content\/uploads\/2018\/02\/2007-D.L.H.D.-I-SchaeferHeidelberg-e1517999582382-150x150.jpg\" class=\"attachment-thumbnail size-thumbnail\" alt=\"DLHD I - 2007\"><\/a>\n\t\t\t<\/div><\/figure><figure class='gallery-item'>\n\t\t\t<div class='gallery-icon landscape'>\n\t\t\t\t<a href=\"https:\/\/maltespohr.de\/m\/wp-content\/uploads\/2018\/02\/2007-D.L.H.D.-II_hawlik-direkt.jpg\" title=\"DLHD II - 2007 - Bleistift und Farbstift auf B\u00fctten, 21 x 21\" data-description=\"\"><img loading=\"lazy\" decoding=\"async\" width=\"150\" height=\"150\" src=\"https:\/\/maltespohr.de\/m\/wp-content\/uploads\/2018\/02\/2007-D.L.H.D.-II_hawlik-direkt-150x150.jpg\" class=\"attachment-thumbnail size-thumbnail\" alt=\"DLHD II - 2007\" srcset=\"https:\/\/maltespohr.de\/m\/wp-content\/uploads\/2018\/02\/2007-D.L.H.D.-II_hawlik-direkt-150x150.jpg 150w, https:\/\/maltespohr.de\/m\/wp-content\/uploads\/2018\/02\/2007-D.L.H.D.-II_hawlik-direkt-300x300.jpg 300w, https:\/\/maltespohr.de\/m\/wp-content\/uploads\/2018\/02\/2007-D.L.H.D.-II_hawlik-direkt-768x768.jpg 768w, https:\/\/maltespohr.de\/m\/wp-content\/uploads\/2018\/02\/2007-D.L.H.D.-II_hawlik-direkt-1024x1024.jpg 1024w, https:\/\/maltespohr.de\/m\/wp-content\/uploads\/2018\/02\/2007-D.L.H.D.-II_hawlik-direkt-256x256.jpg 256w, https:\/\/maltespohr.de\/m\/wp-content\/uploads\/2018\/02\/2007-D.L.H.D.-II_hawlik-direkt.jpg 1500w\" sizes=\"auto, (max-width: 150px) 100vw, 150px\"><\/a>\n\t\t\t<\/div><\/figure><figure class='gallery-item'>\n\t\t\t<div class='gallery-icon portrait'>\n\t\t\t\t<a href=\"https:\/\/maltespohr.de\/m\/wp-content\/uploads\/2018\/02\/2007-D.L.H.D.-IV-e1517498910524.jpg\" title=\"DLHD IV - 2007 - Bleistift und Farbstift auf B\u00fctten, 21 x 21\" data-description=\"\"><img loading=\"lazy\" decoding=\"async\" width=\"150\" height=\"150\" src=\"https:\/\/maltespohr.de\/m\/wp-content\/uploads\/2018\/02\/2007-D.L.H.D.-IV-150x150.jpg\" class=\"attachment-thumbnail size-thumbnail\" alt=\"DLHD IV - 2007\" srcset=\"https:\/\/maltespohr.de\/m\/wp-content\/uploads\/2018\/02\/2007-D.L.H.D.-IV-150x150.jpg 150w, https:\/\/maltespohr.de\/m\/wp-content\/uploads\/2018\/02\/2007-D.L.H.D.-IV-768x775.jpg 768w, https:\/\/maltespohr.de\/m\/wp-content\/uploads\/2018\/02\/2007-D.L.H.D.-IV-1015x1024.jpg 1015w, https:\/\/maltespohr.de\/m\/wp-content\/uploads\/2018\/02\/2007-D.L.H.D.-IV-256x256.jpg 256w, https:\/\/maltespohr.de\/m\/wp-content\/uploads\/2018\/02\/2007-D.L.H.D.-IV-1500x1500.jpg 1500w, https:\/\/maltespohr.de\/m\/wp-content\/uploads\/2018\/02\/2007-D.L.H.D.-IV-e1517498910524.jpg 1486w\" sizes=\"auto, (max-width: 150px) 100vw, 150px\"><\/a>\n\t\t\t<\/div><\/figure><figure class='gallery-item'>\n\t\t\t<div class='gallery-icon portrait'>\n\t\t\t\t<a href=\"https:\/\/maltespohr.de\/m\/wp-content\/uploads\/2018\/02\/2008_DLHD_V.jpg\" title=\"DLHD V- 2008 - Bleistift und Farbstift auf B\u00fctten, 21 x 21\" data-description=\"\"><img loading=\"lazy\" decoding=\"async\" width=\"150\" height=\"150\" src=\"https:\/\/maltespohr.de\/m\/wp-content\/uploads\/2018\/02\/2008_DLHD_V-150x150.jpg\" class=\"attachment-thumbnail size-thumbnail\" alt=\"DLHD V- 2008\" srcset=\"https:\/\/maltespohr.de\/m\/wp-content\/uploads\/2018\/02\/2008_DLHD_V-150x150.jpg 150w, https:\/\/maltespohr.de\/m\/wp-content\/uploads\/2018\/02\/2008_DLHD_V-300x300.jpg 300w, https:\/\/maltespohr.de\/m\/wp-content\/uploads\/2018\/02\/2008_DLHD_V-768x769.jpg 768w, https:\/\/maltespohr.de\/m\/wp-content\/uploads\/2018\/02\/2008_DLHD_V-1024x1024.jpg 1024w, https:\/\/maltespohr.de\/m\/wp-content\/uploads\/2018\/02\/2008_DLHD_V-256x256.jpg 256w, https:\/\/maltespohr.de\/m\/wp-content\/uploads\/2018\/02\/2008_DLHD_V.jpg 1500w\" sizes=\"auto, (max-width: 150px) 100vw, 150px\"><\/a>\n\t\t\t<\/div><\/figure><figure class='gallery-item'>\n\t\t\t<div class='gallery-icon landscape'>\n\t\t\t\t<a href=\"https:\/\/maltespohr.de\/m\/wp-content\/uploads\/2018\/02\/2008_DLHD_VI.jpg\" title=\"DLHD VI - 2008 - Bleistift und Farbstift auf B\u00fctten, 21 x 21\" data-description=\"\"><img loading=\"lazy\" decoding=\"async\" width=\"150\" height=\"150\" src=\"https:\/\/maltespohr.de\/m\/wp-content\/uploads\/2018\/02\/2008_DLHD_VI-150x150.jpg\" class=\"attachment-thumbnail size-thumbnail\" alt=\"DLHD VI - 2008\" srcset=\"https:\/\/maltespohr.de\/m\/wp-content\/uploads\/2018\/02\/2008_DLHD_VI-150x150.jpg 150w, https:\/\/maltespohr.de\/m\/wp-content\/uploads\/2018\/02\/2008_DLHD_VI-300x297.jpg 300w, https:\/\/maltespohr.de\/m\/wp-content\/uploads\/2018\/02\/2008_DLHD_VI-256x256.jpg 256w\" sizes=\"auto, (max-width: 150px) 100vw, 150px\"><\/a>\n\t\t\t<\/div><\/figure>\n\t\t<\/div>\n\n\n\n<div id='gallery-2' class='gallery galleryid-550 gallery-columns-5 gallery-size-thumbnail'><figure class='gallery-item'>\n\t\t\t<div class='gallery-icon landscape'>\n\t\t\t\t<a href=\"https:\/\/maltespohr.de\/m\/wp-content\/uploads\/2018\/02\/DLHH_I-e1517499883570.jpg\" title=\"DLHH I - 2008 - Bleistift und Farbstift auf B\u00fctten, 21 x 21\" data-description=\"\"><img loading=\"lazy\" decoding=\"async\" width=\"150\" height=\"150\" src=\"https:\/\/maltespohr.de\/m\/wp-content\/uploads\/2018\/02\/DLHH_I-150x150.jpg\" class=\"attachment-thumbnail size-thumbnail\" alt=\"DLHH I - 2008\" srcset=\"https:\/\/maltespohr.de\/m\/wp-content\/uploads\/2018\/02\/DLHH_I-150x150.jpg 150w, https:\/\/maltespohr.de\/m\/wp-content\/uploads\/2018\/02\/DLHH_I-256x256.jpg 256w\" sizes=\"auto, (max-width: 150px) 100vw, 150px\"><\/a>\n\t\t\t<\/div><\/figure><figure class='gallery-item'>\n\t\t\t<div class='gallery-icon landscape'>\n\t\t\t\t<a href=\"https:\/\/maltespohr.de\/m\/wp-content\/uploads\/2018\/02\/DLHH_II-e1517583142334.jpg\" title=\"DLHH II - 2008 - Bleistift und Farbstift auf B\u00fctten, 21 x 21\" data-description=\"\"><img loading=\"lazy\" decoding=\"async\" width=\"150\" height=\"150\" src=\"https:\/\/maltespohr.de\/m\/wp-content\/uploads\/2018\/02\/DLHH_II-150x150.jpg\" class=\"attachment-thumbnail size-thumbnail\" alt=\"DLHH II - 2008\" srcset=\"https:\/\/maltespohr.de\/m\/wp-content\/uploads\/2018\/02\/DLHH_II-150x150.jpg 150w, https:\/\/maltespohr.de\/m\/wp-content\/uploads\/2018\/02\/DLHH_II-256x256.jpg 256w\" sizes=\"auto, (max-width: 150px) 100vw, 150px\"><\/a>\n\t\t\t<\/div><\/figure><figure class='gallery-item'>\n\t\t\t<div class='gallery-icon portrait'>\n\t\t\t\t<a href=\"https:\/\/maltespohr.de\/m\/wp-content\/uploads\/2018\/02\/DLHH_III.jpg\" title=\"DLHH III - 2008 - Bleistift und Farbstift auf B\u00fctten, 21 x 21\" data-description=\"\"><img loading=\"lazy\" decoding=\"async\" width=\"150\" height=\"150\" src=\"https:\/\/maltespohr.de\/m\/wp-content\/uploads\/2018\/02\/DLHH_III-150x150.jpg\" class=\"attachment-thumbnail size-thumbnail\" alt=\"DLHH III - 2008\" srcset=\"https:\/\/maltespohr.de\/m\/wp-content\/uploads\/2018\/02\/DLHH_III-150x150.jpg 150w, https:\/\/maltespohr.de\/m\/wp-content\/uploads\/2018\/02\/DLHH_III-298x300.jpg 298w, https:\/\/maltespohr.de\/m\/wp-content\/uploads\/2018\/02\/DLHH_III-768x773.jpg 768w, https:\/\/maltespohr.de\/m\/wp-content\/uploads\/2018\/02\/DLHH_III-1018x1024.jpg 1018w, https:\/\/maltespohr.de\/m\/wp-content\/uploads\/2018\/02\/DLHH_III-256x256.jpg 256w, https:\/\/maltespohr.de\/m\/wp-content\/uploads\/2018\/02\/DLHH_III.jpg 1491w\" sizes=\"auto, (max-width: 150px) 100vw, 150px\"><\/a>\n\t\t\t<\/div><\/figure><figure class='gallery-item'>\n\t\t\t<div class='gallery-icon portrait'>\n\t\t\t\t<a href=\"https:\/\/maltespohr.de\/m\/wp-content\/uploads\/2018\/02\/DLHH_IV.jpg\" title=\"DLHH IV - 2008 - Bleistift und Farbstift auf B\u00fctten, 21 x 21\" data-description=\"\"><img loading=\"lazy\" decoding=\"async\" width=\"150\" height=\"150\" src=\"https:\/\/maltespohr.de\/m\/wp-content\/uploads\/2018\/02\/DLHH_IV-150x150.jpg\" class=\"attachment-thumbnail size-thumbnail\" alt=\"DLHH IV - 2008\" srcset=\"https:\/\/maltespohr.de\/m\/wp-content\/uploads\/2018\/02\/DLHH_IV-150x150.jpg 150w, https:\/\/maltespohr.de\/m\/wp-content\/uploads\/2018\/02\/DLHH_IV-300x300.jpg 300w, https:\/\/maltespohr.de\/m\/wp-content\/uploads\/2018\/02\/DLHH_IV-768x770.jpg 768w, https:\/\/maltespohr.de\/m\/wp-content\/uploads\/2018\/02\/DLHH_IV-1022x1024.jpg 1022w, https:\/\/maltespohr.de\/m\/wp-content\/uploads\/2018\/02\/DLHH_IV-256x256.jpg 256w, https:\/\/maltespohr.de\/m\/wp-content\/uploads\/2018\/02\/DLHH_IV.jpg 1497w\" sizes=\"auto, (max-width: 150px) 100vw, 150px\"><\/a>\n\t\t\t<\/div><\/figure><figure class='gallery-item'>\n\t\t\t<div class='gallery-icon portrait'>\n\t\t\t\t<a href=\"https:\/\/maltespohr.de\/m\/wp-content\/uploads\/2018\/02\/DLHH_V.jpg\" title=\"DLHH V - 2008 - Bleistift und Farbstift auf B\u00fctten, 21 x 21\" data-description=\"\"><img loading=\"lazy\" decoding=\"async\" width=\"150\" height=\"150\" src=\"https:\/\/maltespohr.de\/m\/wp-content\/uploads\/2018\/02\/DLHH_V-150x150.jpg\" class=\"attachment-thumbnail size-thumbnail\" alt=\"DLHH V - 2008\" srcset=\"https:\/\/maltespohr.de\/m\/wp-content\/uploads\/2018\/02\/DLHH_V-150x150.jpg 150w, https:\/\/maltespohr.de\/m\/wp-content\/uploads\/2018\/02\/DLHH_V-300x300.jpg 300w, https:\/\/maltespohr.de\/m\/wp-content\/uploads\/2018\/02\/DLHH_V-768x769.jpg 768w, https:\/\/maltespohr.de\/m\/wp-content\/uploads\/2018\/02\/DLHH_V-1024x1024.jpg 1024w, https:\/\/maltespohr.de\/m\/wp-content\/uploads\/2018\/02\/DLHH_V-256x256.jpg 256w, https:\/\/maltespohr.de\/m\/wp-content\/uploads\/2018\/02\/DLHH_V.jpg 1499w\" sizes=\"auto, (max-width: 150px) 100vw, 150px\"><\/a>\n\t\t\t<\/div><\/figure>\n\t\t<\/div>\n\n\n\n\n<p>Die zwielichtige Stimmung mit ihrer gleichsam additiven Farbe ergibt sich aus einem h\u00f6chst produktiven Widerspruch von hochkonzentrierter Linearit\u00e4t und fl\u00e4chiger Verdichtung, deren Ergebnis eine geschlossene Atmosph\u00e4re, ja eine in Ma\u00dfen malerische R\u00e4umlichkeit ist. Partiell f\u00fchlt man sich an die Einordnungsversuche der Zeichnungen von Georges Seurat erinnert, die sich trotz ihrer unbestrittenen Zugeh\u00f6rigkeit zum Medium einer Definition durch die Linearit\u00e4t entziehen. [&#8230;] Aus diesem eher kontrastarmen Hell-Dunkel modellieren sich imagin\u00e4re Reliefs, naturhafte Formationen, die letztendlich nicht genau benannt werden k\u00f6nnen, weil sie sich der Eindeutigkeiten entziehen und sich ohnehin von Blatt zu Blatt neu erfinden, &#8211; mal wie Landkarten , mal wie bakterielle Wucherungen oder wie Mondlandschaften.<br>\n<span class=\"klein\">Reinhard Ermen <em>Malte Spohr<\/em> in: Zeichnen zur Zeit, Teil I, Kunstforum Bd. 196, April &#8211; Mai 2009<\/span><\/p>\n","protected":false},"excerpt":{"rendered":"<p>Die zwielichtige Stimmung mit ihrer gleichsam additiven Farbe ergibt sich aus einem h\u00f6chst produktiven Widerspruch von hochkonzentrierter Linearit\u00e4t und fl\u00e4chiger Verdichtung, deren Ergebnis eine geschlossene Atmosph\u00e4re, ja eine in Ma\u00dfen malerische R\u00e4umlichkeit ist. Partiell f\u00fchlt man sich an die Einordnungsversuche der Zeichnungen von Georges Seurat erinnert, die sich trotz ihrer unbestrittenen Zugeh\u00f6rigkeit zum Medium einer [&hellip;]<\/p>\n","protected":false},"author":1,"featured_media":0,"parent":471,"menu_order":0,"comment_status":"closed","ping_status":"closed","template":"","meta":{"footnotes":""},"class_list":["post-80","page","type-page","status-publish","hentry","gallery-content-unit"],"_links":{"self":[{"href":"https:\/\/maltespohr.de\/m\/wp-json\/wp\/v2\/pages\/80","targetHints":{"allow":["GET"]}}],"collection":[{"href":"https:\/\/maltespohr.de\/m\/wp-json\/wp\/v2\/pages"}],"about":[{"href":"https:\/\/maltespohr.de\/m\/wp-json\/wp\/v2\/types\/page"}],"author":[{"embeddable":true,"href":"https:\/\/maltespohr.de\/m\/wp-json\/wp\/v2\/users\/1"}],"replies":[{"embeddable":true,"href":"https:\/\/maltespohr.de\/m\/wp-json\/wp\/v2\/comments?post=80"}],"version-history":[{"count":30,"href":"https:\/\/maltespohr.de\/m\/wp-json\/wp\/v2\/pages\/80\/revisions"}],"predecessor-version":[{"id":1496,"href":"https:\/\/maltespohr.de\/m\/wp-json\/wp\/v2\/pages\/80\/revisions\/1496"}],"up":[{"embeddable":true,"href":"https:\/\/maltespohr.de\/m\/wp-json\/wp\/v2\/pages\/471"}],"wp:attachment":[{"href":"https:\/\/maltespohr.de\/m\/wp-json\/wp\/v2\/media?parent=80"}],"curies":[{"name":"wp","href":"https:\/\/api.w.org\/{rel}","templated":true}]}}