{"id":841,"date":"2018-02-07T10:53:50","date_gmt":"2018-02-07T10:53:50","guid":{"rendered":"http:\/\/maltespohr.de\/m\/?page_id=841"},"modified":"2026-01-25T17:18:01","modified_gmt":"2026-01-25T17:18:01","slug":"1996-1999","status":"publish","type":"page","link":"https:\/\/maltespohr.de\/m\/zeichnungen\/1996-1999\/","title":{"rendered":"1996 \/ 1997 \/ 1999 Serie arc &#8211; Serie s"},"content":{"rendered":"<div class=\"wp-block-image\">\n<figure class=\"alignright\"><a href=\"http:\/\/maltespohr.de\/m\/zeichnungen\/serie-s\/\"><img loading=\"lazy\" decoding=\"async\" width=\"22\" height=\"34\" src=\"http:\/\/maltespohr.de\/m\/wp-content\/uploads\/2018\/02\/right_0.png\" alt=\"weiter\" class=\"wp-image-804\"\/><\/a><\/figure>\n<\/div>\n\n<div class=\"wp-block-image\">\n<figure class=\"alignleft\"><a href=\"http:\/\/maltespohr.de\/m\/zeichnungen\/serie-cps-2000-2001\/\"><img loading=\"lazy\" decoding=\"async\" width=\"22\" height=\"34\" src=\"http:\/\/maltespohr.de\/m\/wp-content\/uploads\/2018\/02\/links_0.png\" alt=\"back\" class=\"wp-image-801\"\/><\/a><\/figure>\n<\/div>\n\n\n<div style=\"height:10px\" aria-hidden=\"true\" class=\"wp-block-spacer\"><\/div>\n\n\n\n<figure class=\"wp-block-image size-large\"><img loading=\"lazy\" decoding=\"async\" width=\"825\" height=\"1024\" src=\"https:\/\/maltespohr.de\/m\/wp-content\/uploads\/2018\/02\/1996-oT_7_1-825x1024.jpg\" alt=\"o.T. 7\/1 - 1996\" class=\"wp-image-925\" srcset=\"https:\/\/maltespohr.de\/m\/wp-content\/uploads\/2018\/02\/1996-oT_7_1-825x1024.jpg 825w, https:\/\/maltespohr.de\/m\/wp-content\/uploads\/2018\/02\/1996-oT_7_1-242x300.jpg 242w, https:\/\/maltespohr.de\/m\/wp-content\/uploads\/2018\/02\/1996-oT_7_1-768x953.jpg 768w, https:\/\/maltespohr.de\/m\/wp-content\/uploads\/2018\/02\/1996-oT_7_1.jpg 1209w\" sizes=\"auto, (max-width: 825px) 100vw, 825px\" \/><\/figure>\n\n\n\n<p><\/p>\n\n\n\n<p>Die Kanten, die das Licht zuvor auf seine Skulpturen zeichnete, stellt er jetzt mit zeichnerischen Mitteln her und umgeht dennoch die traditionelle Vorstellung von Zeichnung. [&#8230;] Zun\u00e4chst waren es A4-Formate, die er mit mehreren Lagen Graphit bedeckte, so dass eine von der Struktur des Papiers belebte, haptisch wirkende Oberfl\u00e4che entstand. Zu sehen sind wei\u00dfe oder &#8211; im Fall von \u00dcberlagungen &#8211; graue Linien, die durch die Unterbrechung der waagerecht durchgezogenen Linien entstehen. Wenig sp\u00e4ter experimentiert er mit helleren und dunkleren Fl\u00e4chen, die amorph ineinander \u00fcbergehen wie sich langsam abzeichnende Raumabschnitte am fr\u00fchen Morgen.<br> \u00dcberliefert ist der Ausspruch von Paul C\u00e9zanne, dass es in der Natur keine Linien gebe. Dieser naturwissenschaftliche Tatsache zollen auch die Vertreter der Schule von Barbizon, George Millet, und der Impressionist George Seurat Respekt, deren Zeichnungen vor allem aus Modulation verschiedener Grau- und Schwarzwerte bestehen. Kein Wunder also, dass Malte Spohr eben solche Werke sch\u00e4tzt.<br> <span class=\"klein\">Carmela Thiele <em>Malte Spohr<\/em> in: KUENSTLER Kritisches Lexikon der Gegenwartskunst, Ausgabe 94, Heft 14, 2. Quartal 2011<\/span><br> &nbsp;<br> <\/p>\n","protected":false},"excerpt":{"rendered":"<p>Die Kanten, die das Licht zuvor auf seine Skulpturen zeichnete, stellt er jetzt mit zeichnerischen Mitteln her und umgeht dennoch die traditionelle Vorstellung von Zeichnung. [&#8230;] Zun\u00e4chst waren es A4-Formate, die er mit mehreren Lagen Graphit bedeckte, so dass eine von der Struktur des Papiers belebte, haptisch wirkende Oberfl\u00e4che entstand. Zu sehen sind wei\u00dfe oder [&hellip;]<\/p>\n","protected":false},"author":1,"featured_media":0,"parent":471,"menu_order":0,"comment_status":"closed","ping_status":"closed","template":"","meta":{"footnotes":""},"class_list":["post-841","page","type-page","status-publish","hentry","gallery-content-unit"],"_links":{"self":[{"href":"https:\/\/maltespohr.de\/m\/wp-json\/wp\/v2\/pages\/841","targetHints":{"allow":["GET"]}}],"collection":[{"href":"https:\/\/maltespohr.de\/m\/wp-json\/wp\/v2\/pages"}],"about":[{"href":"https:\/\/maltespohr.de\/m\/wp-json\/wp\/v2\/types\/page"}],"author":[{"embeddable":true,"href":"https:\/\/maltespohr.de\/m\/wp-json\/wp\/v2\/users\/1"}],"replies":[{"embeddable":true,"href":"https:\/\/maltespohr.de\/m\/wp-json\/wp\/v2\/comments?post=841"}],"version-history":[{"count":24,"href":"https:\/\/maltespohr.de\/m\/wp-json\/wp\/v2\/pages\/841\/revisions"}],"predecessor-version":[{"id":1504,"href":"https:\/\/maltespohr.de\/m\/wp-json\/wp\/v2\/pages\/841\/revisions\/1504"}],"up":[{"embeddable":true,"href":"https:\/\/maltespohr.de\/m\/wp-json\/wp\/v2\/pages\/471"}],"wp:attachment":[{"href":"https:\/\/maltespohr.de\/m\/wp-json\/wp\/v2\/media?parent=841"}],"curies":[{"name":"wp","href":"https:\/\/api.w.org\/{rel}","templated":true}]}}