{"id":89,"date":"2017-11-09T11:19:50","date_gmt":"2017-11-09T11:19:50","guid":{"rendered":"http:\/\/maltespohr.de\/m\/?page_id=89"},"modified":"2026-01-25T17:15:29","modified_gmt":"2026-01-25T17:15:29","slug":"serie-panorama-und-satelliten-e-s-2011","status":"publish","type":"page","link":"https:\/\/maltespohr.de\/m\/zeichnungen\/serie-panorama-und-satelliten-e-s-2011\/","title":{"rendered":"2011 \/ 2012  Serie e.S"},"content":{"rendered":"<div class=\"wp-block-image\">\n<figure class=\"alignleft\"><a href=\"http:\/\/maltespohr.de\/m\/zeichnungen\/serie-sw-2013-2014-2015\/\"><img loading=\"lazy\" decoding=\"async\" width=\"22\" height=\"34\" src=\"http:\/\/maltespohr.de\/m\/wp-content\/uploads\/2018\/02\/links_0.png\" alt=\"back\" class=\"wp-image-801\"\/><\/a><\/figure>\n<\/div>\n\n<div class=\"wp-block-image\">\n<figure class=\"alignright\"><a href=\"http:\/\/maltespohr.de\/m\/zeichnungen\/ggs-2009-2010\/\"><img loading=\"lazy\" decoding=\"async\" width=\"22\" height=\"34\" src=\"http:\/\/maltespohr.de\/m\/wp-content\/uploads\/2018\/02\/right_0.png\" alt=\"weiter\" class=\"wp-image-804\"\/><\/a><\/figure>\n<\/div>\n\n\n<div style=\"height:10px\" aria-hidden=\"true\" class=\"wp-block-spacer\"><\/div>\n\n\n\n<p><\/p>\n\n\n\n<p>Die in ihrer Entwicklung zusammengeh\u00f6rigen vier Panoramen gleichen Formats, von denen die Bl\u00e4tter e.S III A 1 &#8211; 3 Ausschnitte des Ausgangsbildes e.S III A von 2011 in ver\u00e4nderter Form weiterdenken, verdeutlichen, mit welch komplexer, mit der Kunst des 19. Jahrhunderts erst einmal kaum zu vereinbarender Form der Landschaftsreflexion uns Spohr in seiner Zeichenkunst konfrontiert. [&#8230;] Man erlebt jeweils eine scheinbar aus der Aufsicht &#8211; wie aus der Satellitenperspektive &#8211; wahrgenommene Totale an Einzelformen, die bisweilen an Inseln oder Kontinente denken lassen, also kartografische Qualit\u00e4ten besitzen.<\/p>\n\n\n\n<figure class=\"wp-block-image\"><a href=\"#gallery-701\"><img loading=\"lazy\" decoding=\"async\" width=\"2000\" height=\"359\" src=\"http:\/\/maltespohr.de\/m\/wp-content\/uploads\/2018\/02\/2011-e.S.-III-A-1.jpg\" alt=\"\" class=\"wp-image-705\" srcset=\"https:\/\/maltespohr.de\/m\/wp-content\/uploads\/2018\/02\/2011-e.S.-III-A-1.jpg 2000w, https:\/\/maltespohr.de\/m\/wp-content\/uploads\/2018\/02\/2011-e.S.-III-A-1-300x54.jpg 300w, https:\/\/maltespohr.de\/m\/wp-content\/uploads\/2018\/02\/2011-e.S.-III-A-1-768x138.jpg 768w, https:\/\/maltespohr.de\/m\/wp-content\/uploads\/2018\/02\/2011-e.S.-III-A-1-1024x184.jpg 1024w\" sizes=\"auto, (max-width: 2000px) 100vw, 2000px\" \/><\/a><\/figure>\n\n\n\n<p><\/p>\n\n\n\n<p>Doch was f\u00fcr eine Ganzheit ist es, die uns in diesen nuancenreichen Fugen aus Linien begegnet? Es ist eine Welt, die sich in Fragementen entfaltet und sichtbar wird. Jedes der vier Panoramen bleibt ein Ausschnitt: W\u00fcrde man die Werke an ihren Seiten zusammenf\u00fcgen, so lie\u00dfen sich die Zeichnungen im Unterschied zum klassischen Panorama nicht \u00fcber ihre R\u00e4nder hinweg anschlie\u00dfen. Jedes Werk ist ein Ausschnitt aus einem potenziell grenzenlosen Raum. Doch gilt dabei, um mit einem f\u00fcr den K\u00fcnstler wichtigen Satz Friedrich Wilhelm Schellings (1775 &#8211; 1854) zu enden: \u201cOhne Begrenzung k\u00f6nnte das Grenzenlose nicht erscheinen.\u201d<\/p>\n\n\n\n<p><span class=\"klein\">Andreas Schalhorn <em>Weltenlandschaft und Fragment in der Kunst von Malte Spohr<\/em> in: Lass Dich von der Natur anwehen  Landschaftszeichnung in der Romantik und Gegenwart (Ausst.-Kat.) Kunsthalle Bremen, 2013<\/span><\/p>\n\n\n\n<figure class=\"wp-block-image\"><a href=\"#gallery-713\"><img loading=\"lazy\" decoding=\"async\" width=\"2000\" height=\"353\" src=\"http:\/\/maltespohr.de\/m\/wp-content\/uploads\/2018\/02\/2011-e.S.-II-A.jpg\" alt=\"\" class=\"wp-image-718\" srcset=\"https:\/\/maltespohr.de\/m\/wp-content\/uploads\/2018\/02\/2011-e.S.-II-A.jpg 2000w, https:\/\/maltespohr.de\/m\/wp-content\/uploads\/2018\/02\/2011-e.S.-II-A-300x53.jpg 300w, https:\/\/maltespohr.de\/m\/wp-content\/uploads\/2018\/02\/2011-e.S.-II-A-768x136.jpg 768w, https:\/\/maltespohr.de\/m\/wp-content\/uploads\/2018\/02\/2011-e.S.-II-A-1024x181.jpg 1024w\" sizes=\"auto, (max-width: 2000px) 100vw, 2000px\" \/><\/a><\/figure>\n\n\n\n<p><\/p>\n","protected":false},"excerpt":{"rendered":"<p>Die in ihrer Entwicklung zusammengeh\u00f6rigen vier Panoramen gleichen Formats, von denen die Bl\u00e4tter e.S III A 1 &#8211; 3 Ausschnitte des Ausgangsbildes e.S III A von 2011 in ver\u00e4nderter Form weiterdenken, verdeutlichen, mit welch komplexer, mit der Kunst des 19. Jahrhunderts erst einmal kaum zu vereinbarender Form der Landschaftsreflexion uns Spohr in seiner Zeichenkunst konfrontiert. [&hellip;]<\/p>\n","protected":false},"author":1,"featured_media":0,"parent":471,"menu_order":0,"comment_status":"closed","ping_status":"closed","template":"","meta":{"footnotes":""},"class_list":["post-89","page","type-page","status-publish","hentry","gallery-content-unit"],"_links":{"self":[{"href":"https:\/\/maltespohr.de\/m\/wp-json\/wp\/v2\/pages\/89","targetHints":{"allow":["GET"]}}],"collection":[{"href":"https:\/\/maltespohr.de\/m\/wp-json\/wp\/v2\/pages"}],"about":[{"href":"https:\/\/maltespohr.de\/m\/wp-json\/wp\/v2\/types\/page"}],"author":[{"embeddable":true,"href":"https:\/\/maltespohr.de\/m\/wp-json\/wp\/v2\/users\/1"}],"replies":[{"embeddable":true,"href":"https:\/\/maltespohr.de\/m\/wp-json\/wp\/v2\/comments?post=89"}],"version-history":[{"count":43,"href":"https:\/\/maltespohr.de\/m\/wp-json\/wp\/v2\/pages\/89\/revisions"}],"predecessor-version":[{"id":1501,"href":"https:\/\/maltespohr.de\/m\/wp-json\/wp\/v2\/pages\/89\/revisions\/1501"}],"up":[{"embeddable":true,"href":"https:\/\/maltespohr.de\/m\/wp-json\/wp\/v2\/pages\/471"}],"wp:attachment":[{"href":"https:\/\/maltespohr.de\/m\/wp-json\/wp\/v2\/media?parent=89"}],"curies":[{"name":"wp","href":"https:\/\/api.w.org\/{rel}","templated":true}]}}