{"id":92,"date":"2017-11-09T11:21:33","date_gmt":"2017-11-09T11:21:33","guid":{"rendered":"http:\/\/maltespohr.de\/m\/?page_id=92"},"modified":"2026-01-25T17:13:26","modified_gmt":"2026-01-25T17:13:26","slug":"serie-sw-2013-2014-2015","status":"publish","type":"page","link":"https:\/\/maltespohr.de\/m\/zeichnungen\/serie-sw-2013-2014-2015\/","title":{"rendered":"2013 \/ 2014 \/ 2015 Serie sw"},"content":{"rendered":"<div class=\"wp-block-image\">\n<figure class=\"alignleft\"><a href=\"http:\/\/maltespohr.de\/m\/zeichnungen\/serie-pw-2016-2017\/\"><img loading=\"lazy\" decoding=\"async\" width=\"22\" height=\"34\" src=\"http:\/\/maltespohr.de\/m\/wp-content\/uploads\/2018\/02\/links_0.png\" alt=\"back\" class=\"wp-image-801\"\/><\/a><\/figure>\n<\/div>\n\n<div class=\"wp-block-image\">\n<figure class=\"alignright\"><a href=\"http:\/\/maltespohr.de\/m\/zeichnungen\/serie-panorama-und-satelliten-e-s-2011\/\"><img loading=\"lazy\" decoding=\"async\" width=\"22\" height=\"34\" src=\"http:\/\/maltespohr.de\/m\/wp-content\/uploads\/2018\/02\/right_0.png\" alt=\"weiter\" class=\"wp-image-804\"\/><\/a><\/figure>\n<\/div>\n\n\n<div style=\"height:10px\" aria-hidden=\"true\" class=\"wp-block-spacer\"><\/div>\n\n\n\n<p>In ihrer staccatohaften, unregelm\u00e4\u00dfigen Anordnung \u00fcbert\u00f6nen die Linien den ruhigen Rhythmus des Blattes, erinnern an eilige Morsezeichen oder geheime Codierungen, an eine semantische Ebene des wissenschaftlich Elaborierten und Zielgerichteten. Sie \u00fcberlagern das harmonische Klang- und Erscheinungsbild als systematisierendes Element, lassen das Auge des Betrachters , anders als in fr\u00fcheren Arbeiten, zwischen des Linienebenen hin und her wandern und nicht zur Ruhe kommen, dr\u00e4ngen das kontemplative Moment der Zeichnung in den Hintergrund.<br>\n<span class=\"klein\">Anne Buschhoff <em>Echo und Licht<\/em> in: Malte Spohr sw I &#8211; sw II &#8211; sw III, (Ausst.-Kat.) Galerie Werner Klein, K\u00f6ln, 2015<\/span><\/p>\n\n\n<div id='gallery-1' class='gallery galleryid-437 gallery-columns-2 gallery-size-medium'><figure class='gallery-item'>\n\t\t\t<div class='gallery-icon portrait'>\n\t\t\t\t<a href=\"https:\/\/maltespohr.de\/m\/wp-content\/uploads\/2018\/01\/2013-sw-I-1.jpg\" title=\"sw I - 2013 - Farbstift, Bleistift und Kreidestift auf B\u00fctten, 70 x 70 cm\" data-description=\"\"><img loading=\"lazy\" decoding=\"async\" width=\"300\" height=\"300\" src=\"https:\/\/maltespohr.de\/m\/wp-content\/uploads\/2018\/01\/2013-sw-I-1-300x300.jpg\" class=\"attachment-medium size-medium\" alt=\"\" srcset=\"https:\/\/maltespohr.de\/m\/wp-content\/uploads\/2018\/01\/2013-sw-I-1-300x300.jpg 300w, https:\/\/maltespohr.de\/m\/wp-content\/uploads\/2018\/01\/2013-sw-I-1-150x150.jpg 150w, https:\/\/maltespohr.de\/m\/wp-content\/uploads\/2018\/01\/2013-sw-I-1-768x769.jpg 768w, https:\/\/maltespohr.de\/m\/wp-content\/uploads\/2018\/01\/2013-sw-I-1-1024x1024.jpg 1024w, https:\/\/maltespohr.de\/m\/wp-content\/uploads\/2018\/01\/2013-sw-I-1-256x256.jpg 256w, https:\/\/maltespohr.de\/m\/wp-content\/uploads\/2018\/01\/2013-sw-I-1.jpg 1500w\" sizes=\"auto, (max-width: 300px) 100vw, 300px\"><\/a>\n\t\t\t<\/div><\/figure><figure class='gallery-item'>\n\t\t\t<div class='gallery-icon landscape'>\n\t\t\t\t<a href=\"https:\/\/maltespohr.de\/m\/wp-content\/uploads\/2018\/01\/2013-sw-II-1.jpg\" title=\"sw II - 2013 - Farbstift, Bleistift und Kreidestift auf B\u00fctten, 70 x 70 cm\" data-description=\"\"><img loading=\"lazy\" decoding=\"async\" width=\"300\" height=\"298\" src=\"https:\/\/maltespohr.de\/m\/wp-content\/uploads\/2018\/01\/2013-sw-II-1-300x298.jpg\" class=\"attachment-medium size-medium\" alt=\"\" srcset=\"https:\/\/maltespohr.de\/m\/wp-content\/uploads\/2018\/01\/2013-sw-II-1-300x298.jpg 300w, https:\/\/maltespohr.de\/m\/wp-content\/uploads\/2018\/01\/2013-sw-II-1-150x150.jpg 150w, https:\/\/maltespohr.de\/m\/wp-content\/uploads\/2018\/01\/2013-sw-II-1-768x762.jpg 768w, https:\/\/maltespohr.de\/m\/wp-content\/uploads\/2018\/01\/2013-sw-II-1-1024x1016.jpg 1024w, https:\/\/maltespohr.de\/m\/wp-content\/uploads\/2018\/01\/2013-sw-II-1.jpg 1500w\" sizes=\"auto, (max-width: 300px) 100vw, 300px\"><\/a>\n\t\t\t<\/div><\/figure><figure class='gallery-item'>\n\t\t\t<div class='gallery-icon landscape'>\n\t\t\t\t<a href=\"https:\/\/maltespohr.de\/m\/wp-content\/uploads\/2018\/01\/2014-sw-III-1.jpg\" title=\"sw III - 2014 - Farbstift, Bleistift und Kreidestift auf B\u00fctten, 70 x 70 cm\" data-description=\"\"><img loading=\"lazy\" decoding=\"async\" width=\"300\" height=\"300\" src=\"https:\/\/maltespohr.de\/m\/wp-content\/uploads\/2018\/01\/2014-sw-III-1-300x300.jpg\" class=\"attachment-medium size-medium\" alt=\"\" srcset=\"https:\/\/maltespohr.de\/m\/wp-content\/uploads\/2018\/01\/2014-sw-III-1-300x300.jpg 300w, https:\/\/maltespohr.de\/m\/wp-content\/uploads\/2018\/01\/2014-sw-III-1-150x150.jpg 150w, https:\/\/maltespohr.de\/m\/wp-content\/uploads\/2018\/01\/2014-sw-III-1-768x767.jpg 768w, https:\/\/maltespohr.de\/m\/wp-content\/uploads\/2018\/01\/2014-sw-III-1-1024x1024.jpg 1024w, https:\/\/maltespohr.de\/m\/wp-content\/uploads\/2018\/01\/2014-sw-III-1-256x256.jpg 256w, https:\/\/maltespohr.de\/m\/wp-content\/uploads\/2018\/01\/2014-sw-III-1.jpg 1500w\" sizes=\"auto, (max-width: 300px) 100vw, 300px\"><\/a>\n\t\t\t<\/div><\/figure><figure class='gallery-item'>\n\t\t\t<div class='gallery-icon landscape'>\n\t\t\t\t<a href=\"https:\/\/maltespohr.de\/m\/wp-content\/uploads\/2018\/01\/2014-SW-III-E-3.jpg\" title=\"sw III  E 3 - 2014 - Bleistift, Farbstift und Pastellkreide auf B\u00fctten, 42 x 42 cm\" data-description=\"\"><img loading=\"lazy\" decoding=\"async\" width=\"300\" height=\"297\" src=\"https:\/\/maltespohr.de\/m\/wp-content\/uploads\/2018\/01\/2014-SW-III-E-3-300x297.jpg\" class=\"attachment-medium size-medium\" alt=\"\" srcset=\"https:\/\/maltespohr.de\/m\/wp-content\/uploads\/2018\/01\/2014-SW-III-E-3-300x297.jpg 300w, https:\/\/maltespohr.de\/m\/wp-content\/uploads\/2018\/01\/2014-SW-III-E-3-150x150.jpg 150w, https:\/\/maltespohr.de\/m\/wp-content\/uploads\/2018\/01\/2014-SW-III-E-3-768x761.jpg 768w, https:\/\/maltespohr.de\/m\/wp-content\/uploads\/2018\/01\/2014-SW-III-E-3-1024x1014.jpg 1024w, https:\/\/maltespohr.de\/m\/wp-content\/uploads\/2018\/01\/2014-SW-III-E-3.jpg 1500w\" sizes=\"auto, (max-width: 300px) 100vw, 300px\"><\/a>\n\t\t\t<\/div><\/figure><figure class='gallery-item'>\n\t\t\t<div class='gallery-icon portrait'>\n\t\t\t\t<a href=\"https:\/\/maltespohr.de\/m\/wp-content\/uploads\/2018\/01\/2015-SW-III-B-1.jpg\" title=\"sw III B 1 - 2014\/2015 - Bleistift und Jaxonkreide auf B\u00fctten, 21 x 21 cm\" data-description=\"\"><img loading=\"lazy\" decoding=\"async\" width=\"300\" height=\"300\" src=\"https:\/\/maltespohr.de\/m\/wp-content\/uploads\/2018\/01\/2015-SW-III-B-1-300x300.jpg\" class=\"attachment-medium size-medium\" alt=\"\" srcset=\"https:\/\/maltespohr.de\/m\/wp-content\/uploads\/2018\/01\/2015-SW-III-B-1-300x300.jpg 300w, https:\/\/maltespohr.de\/m\/wp-content\/uploads\/2018\/01\/2015-SW-III-B-1-150x150.jpg 150w, https:\/\/maltespohr.de\/m\/wp-content\/uploads\/2018\/01\/2015-SW-III-B-1-1019x1024.jpg 1019w, https:\/\/maltespohr.de\/m\/wp-content\/uploads\/2018\/01\/2015-SW-III-B-1-256x256.jpg 256w, https:\/\/maltespohr.de\/m\/wp-content\/uploads\/2018\/01\/2015-SW-III-B-1.jpg 1500w\" sizes=\"auto, (max-width: 300px) 100vw, 300px\"><\/a>\n\t\t\t<\/div><\/figure><figure class='gallery-item'>\n\t\t\t<div class='gallery-icon landscape'>\n\t\t\t\t<a href=\"https:\/\/maltespohr.de\/m\/wp-content\/uploads\/2018\/01\/2015-SW-III-D-1.jpg\" title=\"sw III D1 - 2015 - Farb \u2013 und Bleistift auf B\u00fctten, 30 x 30 cm\" data-description=\"\"><img loading=\"lazy\" decoding=\"async\" width=\"300\" height=\"298\" src=\"https:\/\/maltespohr.de\/m\/wp-content\/uploads\/2018\/01\/2015-SW-III-D-1-300x298.jpg\" class=\"attachment-medium size-medium\" alt=\"\" srcset=\"https:\/\/maltespohr.de\/m\/wp-content\/uploads\/2018\/01\/2015-SW-III-D-1-300x298.jpg 300w, https:\/\/maltespohr.de\/m\/wp-content\/uploads\/2018\/01\/2015-SW-III-D-1-150x150.jpg 150w, https:\/\/maltespohr.de\/m\/wp-content\/uploads\/2018\/01\/2015-SW-III-D-1-768x762.jpg 768w, https:\/\/maltespohr.de\/m\/wp-content\/uploads\/2018\/01\/2015-SW-III-D-1-1024x1016.jpg 1024w, https:\/\/maltespohr.de\/m\/wp-content\/uploads\/2018\/01\/2015-SW-III-D-1.jpg 1500w\" sizes=\"auto, (max-width: 300px) 100vw, 300px\"><\/a>\n\t\t\t<\/div><\/figure><figure class='gallery-item'>\n\t\t\t<div class='gallery-icon landscape'>\n\t\t\t\t<a href=\"https:\/\/maltespohr.de\/m\/wp-content\/uploads\/2018\/01\/2015-SW-III-D-2.jpg\" title=\"sw III D 2 - 2015 - Farb \u2013 und Bleistift auf B\u00fctten, 30 x 30 cm\" data-description=\"\"><img loading=\"lazy\" decoding=\"async\" width=\"300\" height=\"300\" src=\"https:\/\/maltespohr.de\/m\/wp-content\/uploads\/2018\/01\/2015-SW-III-D-2-300x300.jpg\" class=\"attachment-medium size-medium\" alt=\"\" srcset=\"https:\/\/maltespohr.de\/m\/wp-content\/uploads\/2018\/01\/2015-SW-III-D-2-300x300.jpg 300w, https:\/\/maltespohr.de\/m\/wp-content\/uploads\/2018\/01\/2015-SW-III-D-2-150x150.jpg 150w, https:\/\/maltespohr.de\/m\/wp-content\/uploads\/2018\/01\/2015-SW-III-D-2-768x767.jpg 768w, https:\/\/maltespohr.de\/m\/wp-content\/uploads\/2018\/01\/2015-SW-III-D-2-1024x1024.jpg 1024w, https:\/\/maltespohr.de\/m\/wp-content\/uploads\/2018\/01\/2015-SW-III-D-2-256x256.jpg 256w, https:\/\/maltespohr.de\/m\/wp-content\/uploads\/2018\/01\/2015-SW-III-D-2.jpg 1500w\" sizes=\"auto, (max-width: 300px) 100vw, 300px\"><\/a>\n\t\t\t<\/div><\/figure><figure class='gallery-item'>\n\t\t\t<div class='gallery-icon landscape'>\n\t\t\t\t<a href=\"https:\/\/maltespohr.de\/m\/wp-content\/uploads\/2018\/01\/2015-SW-III-B-2-B.jpg\" title=\"sw III B 2 B - 2015 - Bleistift und Jaxonkreide auf B\u00fctten, 21 x 21 cm\" data-description=\"\"><img loading=\"lazy\" decoding=\"async\" width=\"300\" height=\"296\" src=\"https:\/\/maltespohr.de\/m\/wp-content\/uploads\/2018\/01\/2015-SW-III-B-2-B-300x296.jpg\" class=\"attachment-medium size-medium\" alt=\"\" srcset=\"https:\/\/maltespohr.de\/m\/wp-content\/uploads\/2018\/01\/2015-SW-III-B-2-B-300x296.jpg 300w, https:\/\/maltespohr.de\/m\/wp-content\/uploads\/2018\/01\/2015-SW-III-B-2-B-768x758.jpg 768w, https:\/\/maltespohr.de\/m\/wp-content\/uploads\/2018\/01\/2015-SW-III-B-2-B-1024x1011.jpg 1024w, https:\/\/maltespohr.de\/m\/wp-content\/uploads\/2018\/01\/2015-SW-III-B-2-B.jpg 1500w\" sizes=\"auto, (max-width: 300px) 100vw, 300px\"><\/a>\n\t\t\t<\/div><\/figure><figure class='gallery-item'>\n\t\t\t<div class='gallery-icon portrait'>\n\t\t\t\t<a href=\"https:\/\/maltespohr.de\/m\/wp-content\/uploads\/2018\/01\/2015-SW-III-0.jpg\" title=\"sw III 0 - 2015 - Farb \u2013 und Bleistift auf B\u00fctten, 42 x 42 cm\" data-description=\"\"><img loading=\"lazy\" decoding=\"async\" width=\"300\" height=\"300\" src=\"https:\/\/maltespohr.de\/m\/wp-content\/uploads\/2018\/01\/2015-SW-III-0-300x300.jpg\" class=\"attachment-medium size-medium\" alt=\"\" srcset=\"https:\/\/maltespohr.de\/m\/wp-content\/uploads\/2018\/01\/2015-SW-III-0-300x300.jpg 300w, https:\/\/maltespohr.de\/m\/wp-content\/uploads\/2018\/01\/2015-SW-III-0-150x150.jpg 150w, https:\/\/maltespohr.de\/m\/wp-content\/uploads\/2018\/01\/2015-SW-III-0-768x770.jpg 768w, https:\/\/maltespohr.de\/m\/wp-content\/uploads\/2018\/01\/2015-SW-III-0-1022x1024.jpg 1022w, https:\/\/maltespohr.de\/m\/wp-content\/uploads\/2018\/01\/2015-SW-III-0-256x256.jpg 256w, https:\/\/maltespohr.de\/m\/wp-content\/uploads\/2018\/01\/2015-SW-III-0.jpg 1500w\" sizes=\"auto, (max-width: 300px) 100vw, 300px\"><\/a>\n\t\t\t<\/div><\/figure><figure class='gallery-item'>\n\t\t\t<div class='gallery-icon portrait'>\n\t\t\t\t<a href=\"https:\/\/maltespohr.de\/m\/wp-content\/uploads\/2018\/01\/2015-SW-III-B-2-B-0.jpg\" title=\"sw III B2 B 0 - 2015 - Bleistift und Jaxon- Kreide auf B\u00fctten, 21 x 21 cm\" data-description=\"\"><img loading=\"lazy\" decoding=\"async\" width=\"300\" height=\"300\" src=\"https:\/\/maltespohr.de\/m\/wp-content\/uploads\/2018\/01\/2015-SW-III-B-2-B-0-300x300.jpg\" class=\"attachment-medium size-medium\" alt=\"\" srcset=\"https:\/\/maltespohr.de\/m\/wp-content\/uploads\/2018\/01\/2015-SW-III-B-2-B-0-300x300.jpg 300w, https:\/\/maltespohr.de\/m\/wp-content\/uploads\/2018\/01\/2015-SW-III-B-2-B-0-150x150.jpg 150w, https:\/\/maltespohr.de\/m\/wp-content\/uploads\/2018\/01\/2015-SW-III-B-2-B-0-768x770.jpg 768w, https:\/\/maltespohr.de\/m\/wp-content\/uploads\/2018\/01\/2015-SW-III-B-2-B-0-1022x1024.jpg 1022w, https:\/\/maltespohr.de\/m\/wp-content\/uploads\/2018\/01\/2015-SW-III-B-2-B-0-256x256.jpg 256w, https:\/\/maltespohr.de\/m\/wp-content\/uploads\/2018\/01\/2015-SW-III-B-2-B-0.jpg 1500w\" sizes=\"auto, (max-width: 300px) 100vw, 300px\"><\/a>\n\t\t\t<\/div><\/figure><figure class='gallery-item'>\n\t\t\t<div class='gallery-icon landscape'>\n\t\t\t\t<a href=\"https:\/\/maltespohr.de\/m\/wp-content\/uploads\/2018\/01\/2015-SW-III-D-1-0.jpg\" title=\"sw III D 1 0 - 2015 - Farbstift, Bleistift auf B\u00fctten, 30 x 30\" data-description=\"\"><img loading=\"lazy\" decoding=\"async\" width=\"300\" height=\"297\" src=\"https:\/\/maltespohr.de\/m\/wp-content\/uploads\/2018\/01\/2015-SW-III-D-1-0-300x297.jpg\" class=\"attachment-medium size-medium\" alt=\"\" srcset=\"https:\/\/maltespohr.de\/m\/wp-content\/uploads\/2018\/01\/2015-SW-III-D-1-0-300x297.jpg 300w, https:\/\/maltespohr.de\/m\/wp-content\/uploads\/2018\/01\/2015-SW-III-D-1-0-150x150.jpg 150w, https:\/\/maltespohr.de\/m\/wp-content\/uploads\/2018\/01\/2015-SW-III-D-1-0-768x761.jpg 768w, https:\/\/maltespohr.de\/m\/wp-content\/uploads\/2018\/01\/2015-SW-III-D-1-0-1024x1015.jpg 1024w, https:\/\/maltespohr.de\/m\/wp-content\/uploads\/2018\/01\/2015-SW-III-D-1-0.jpg 1500w\" sizes=\"auto, (max-width: 300px) 100vw, 300px\"><\/a>\n\t\t\t<\/div><\/figure><figure class='gallery-item'>\n\t\t\t<div class='gallery-icon portrait'>\n\t\t\t\t<a href=\"https:\/\/maltespohr.de\/m\/wp-content\/uploads\/2017\/11\/2015-SW-III-D-3-0-e1516189334174.jpg\" title=\"sw III D 3 0 - 2015 - Farbstift auf B\u00fctten, 30 x 30 cm\" data-description=\"\"><img loading=\"lazy\" decoding=\"async\" width=\"300\" height=\"300\" src=\"https:\/\/maltespohr.de\/m\/wp-content\/uploads\/2017\/11\/2015-SW-III-D-3-0-300x300.jpg\" class=\"attachment-medium size-medium\" alt=\"sw III D 3 0, 2015\" srcset=\"https:\/\/maltespohr.de\/m\/wp-content\/uploads\/2017\/11\/2015-SW-III-D-3-0-300x300.jpg 300w, https:\/\/maltespohr.de\/m\/wp-content\/uploads\/2017\/11\/2015-SW-III-D-3-0-e1516279353213-150x150.jpg 150w, https:\/\/maltespohr.de\/m\/wp-content\/uploads\/2017\/11\/2015-SW-III-D-3-0-768x769.jpg 768w, https:\/\/maltespohr.de\/m\/wp-content\/uploads\/2017\/11\/2015-SW-III-D-3-0-1024x1024.jpg 1024w, https:\/\/maltespohr.de\/m\/wp-content\/uploads\/2017\/11\/2015-SW-III-D-3-0-256x256.jpg 256w, https:\/\/maltespohr.de\/m\/wp-content\/uploads\/2017\/11\/2015-SW-III-D-3-0-e1516189334174.jpg 1500w\" sizes=\"auto, (max-width: 300px) 100vw, 300px\"><\/a>\n\t\t\t<\/div><\/figure><figure class='gallery-item'>\n\t\t\t<div class='gallery-icon landscape'>\n\t\t\t\t<a href=\"https:\/\/maltespohr.de\/m\/wp-content\/uploads\/2017\/11\/2015-SW-III-B-2-A-0-e1516189715592.jpg\" title=\"sw III B 2 A 0  - 2015 - Bleistift, Farbstift und Jaxonkreide auf B\u00fctten, 10,5 x 10,5 cm\" data-description=\"\"><img loading=\"lazy\" decoding=\"async\" width=\"300\" height=\"300\" src=\"https:\/\/maltespohr.de\/m\/wp-content\/uploads\/2017\/11\/2015-SW-III-B-2-A-0-300x300.jpg\" class=\"attachment-medium size-medium\" alt=\"sw III B 2 A 0, 2015\" srcset=\"https:\/\/maltespohr.de\/m\/wp-content\/uploads\/2017\/11\/2015-SW-III-B-2-A-0-300x300.jpg 300w, https:\/\/maltespohr.de\/m\/wp-content\/uploads\/2017\/11\/2015-SW-III-B-2-A-0-e1516624439623-150x150.jpg 150w, https:\/\/maltespohr.de\/m\/wp-content\/uploads\/2017\/11\/2015-SW-III-B-2-A-0-768x768.jpg 768w, https:\/\/maltespohr.de\/m\/wp-content\/uploads\/2017\/11\/2015-SW-III-B-2-A-0-1024x1024.jpg 1024w, https:\/\/maltespohr.de\/m\/wp-content\/uploads\/2017\/11\/2015-SW-III-B-2-A-0-256x256.jpg 256w, https:\/\/maltespohr.de\/m\/wp-content\/uploads\/2017\/11\/2015-SW-III-B-2-A-0-e1516189715592.jpg 1500w\" sizes=\"auto, (max-width: 300px) 100vw, 300px\"><\/a>\n\t\t\t<\/div><\/figure><figure class='gallery-item'>\n\t\t\t<div class='gallery-icon portrait'>\n\t\t\t\t<a href=\"https:\/\/maltespohr.de\/m\/wp-content\/uploads\/2018\/01\/2015-SW-III-B-2-A-01-e1516619650369.jpg\" title=\"sw III B 2 A 01  - 2015 - Bleistift, Farbstift und Jaxonkreide auf B\u00fctten, 10,5 x 10,5 cm\" data-description=\"\"><img loading=\"lazy\" decoding=\"async\" width=\"300\" height=\"300\" src=\"https:\/\/maltespohr.de\/m\/wp-content\/uploads\/2018\/01\/2015-SW-III-B-2-A-01-e1516619650369-300x300.jpg\" class=\"attachment-medium size-medium\" alt=\"sw III B 2 A 01, 2015\" srcset=\"https:\/\/maltespohr.de\/m\/wp-content\/uploads\/2018\/01\/2015-SW-III-B-2-A-01-e1516619650369-300x300.jpg 300w, https:\/\/maltespohr.de\/m\/wp-content\/uploads\/2018\/01\/2015-SW-III-B-2-A-01-e1516619650369-1019x1024.jpg 1019w, https:\/\/maltespohr.de\/m\/wp-content\/uploads\/2018\/01\/2015-SW-III-B-2-A-01-e1516619650369-256x256.jpg 256w, https:\/\/maltespohr.de\/m\/wp-content\/uploads\/2018\/01\/2015-SW-III-B-2-A-01-e1516619650369.jpg 1466w\" sizes=\"auto, (max-width: 300px) 100vw, 300px\"><\/a>\n\t\t\t<\/div><\/figure>\n\t\t<\/div>\n\n","protected":false},"excerpt":{"rendered":"<p>In ihrer staccatohaften, unregelm\u00e4\u00dfigen Anordnung \u00fcbert\u00f6nen die Linien den ruhigen Rhythmus des Blattes, erinnern an eilige Morsezeichen oder geheime Codierungen, an eine semantische Ebene des wissenschaftlich Elaborierten und Zielgerichteten. Sie \u00fcberlagern das harmonische Klang- und Erscheinungsbild als systematisierendes Element, lassen das Auge des Betrachters , anders als in fr\u00fcheren Arbeiten, zwischen des Linienebenen hin und [&hellip;]<\/p>\n","protected":false},"author":1,"featured_media":0,"parent":471,"menu_order":0,"comment_status":"closed","ping_status":"closed","template":"","meta":{"footnotes":""},"class_list":["post-92","page","type-page","status-publish","hentry","gallery-content-unit"],"_links":{"self":[{"href":"https:\/\/maltespohr.de\/m\/wp-json\/wp\/v2\/pages\/92","targetHints":{"allow":["GET"]}}],"collection":[{"href":"https:\/\/maltespohr.de\/m\/wp-json\/wp\/v2\/pages"}],"about":[{"href":"https:\/\/maltespohr.de\/m\/wp-json\/wp\/v2\/types\/page"}],"author":[{"embeddable":true,"href":"https:\/\/maltespohr.de\/m\/wp-json\/wp\/v2\/users\/1"}],"replies":[{"embeddable":true,"href":"https:\/\/maltespohr.de\/m\/wp-json\/wp\/v2\/comments?post=92"}],"version-history":[{"count":36,"href":"https:\/\/maltespohr.de\/m\/wp-json\/wp\/v2\/pages\/92\/revisions"}],"predecessor-version":[{"id":1500,"href":"https:\/\/maltespohr.de\/m\/wp-json\/wp\/v2\/pages\/92\/revisions\/1500"}],"up":[{"embeddable":true,"href":"https:\/\/maltespohr.de\/m\/wp-json\/wp\/v2\/pages\/471"}],"wp:attachment":[{"href":"https:\/\/maltespohr.de\/m\/wp-json\/wp\/v2\/media?parent=92"}],"curies":[{"name":"wp","href":"https:\/\/api.w.org\/{rel}","templated":true}]}}